{"id":2069,"date":"2021-08-18T19:07:25","date_gmt":"2021-08-18T19:07:25","guid":{"rendered":"https:\/\/floridareprofreedom.org\/?page_id=2069"},"modified":"2021-08-18T19:08:14","modified_gmt":"2021-08-18T19:08:14","slug":"%e9%81%bf%e5%ad%95%e8%8d%af%e5%85%b7%e8%8e%b7%e5%8f%96%e9%80%94%e5%be%84","status":"publish","type":"page","link":"https:\/\/floridareprofreedom.org\/zh\/contraceptives-access-hc\/","title":{"rendered":"Gwoup Travay Aks\u00e8 Kontraseptif"},"content":{"rendered":"<p><span style=\"font-weight: 400;\">\u201cNan l\u00e8 etranj sa a\u3001plis boulv\u00e8san pase deba sou planin\u3001se ak ki pasyon ke fanm bezwen jistifye oswa eksplike poukisa yo pran planin-rezon sante\u3001kontwole r\u00e8g\u3001ou konnen\u3001tankou gen yon bagay ki mal nan pran planin tou senpleman paske ou vle f\u00e8 s\u00e8ks san s\u00e8ks sa a pa vinn lak\u00f2z gwos\u00e8s\u3002\u201d \u2013 Roxane Gay nan Move Feminis (Harper Perennial)<\/span><\/p>\n<h2>Aks\u00e8 kontraseptif (planin)<\/h2>\n<p><span style=\"font-weight: 400;\">Tout Floridyen ta dwe gen aks\u00e8 ab\u00f2dab epi al\u00e8 sou tout seri opsyon planin yo\u3002<\/span><\/p>\n<p><span style=\"font-weight: 400;\">\u8bf7\u52a1\u5fc5\u5c06\u5176\u6700\u5c0f\u5316\uff0c\u7136\u540e\u5c06\u5176\u653e\u7f6e\u5728\u9002\u5f53\u7684\u4f4d\u7f6e\uff0c\u7136\u540e\u518d\u5c06\u5176\u6700\u5c0f\u5316\u3002<\/span><\/p>\n<p><span style=\"font-weight: 400;\">Anplway\u00e8 ki pa kouvri depans pou planin, lwa ki finanse edikasyon seksy\u00e8l ki baze sou abstinans s\u00e8lman, ak \u201cdez\u00e8 kontrasepsyon\u201d yo, danjere pou byenn\u00e8t ak sekirite moun ki gen bezwen planin ki div\u00e8s epi inik.<\/span><\/p>\n<p><b>Gwoup Travay Aks\u00e8 Kontraseptif Floridyen pou Lib\u00e8te Repwodiksyon<\/b><span style=\"font-weight: 400;\"> (FRF) te kolekte enf\u00f2masyon sa yo ke nou ofri k\u00f2m yon <\/span><b>\u5409\u5fb7\u8d44\u6e90<\/b><span style=\"font-weight: 400;\"> sou jwenn swen pou planin nan tout eta Florid la, epi tou edikasyon adisyon\u00e8l ak enf\u00f2masyon defans (f\u00f2ma enprimab isit la):<\/span><\/p>\n<ul>\n<li style=\"font-weight: 400;\" aria-level=\"1\"><a href=\"https:\/\/floridareprofreedom.org\/zh\/%e6%8a%98%e6%89%a3%e8%8d%af%e6%88%bf%e5%92%8c%e5%88%b6%e8%8d%af%e5%85%ac%e5%8f%b8%e6%82%a3%e8%80%85%e6%8f%b4%e5%8a%a9%e8%ae%a1%e5%88%92-hc\/\"><span style=\"font-weight: 400;\">Rab\u00e8 Famasi ak Pwogram Asistans pou Konsomat\u00e8 ki ofri pa manifaktir\u00e8 medikaman yo<\/span><\/a><\/li>\n<li style=\"font-weight: 400;\" aria-level=\"1\"><a href=\"https:\/\/floridareprofreedom.org\/zh\/%e9%81%bf%e5%ad%95%e5%85%8b%e9%87%8c%e5%a5%a5%e5%b0%94%e8%af%ad\/\"><span style=\"font-weight: 400;\">Opsyon planin ak pri \u2013 ki nan lis lan pa met\u00f2d<\/span><\/a><\/li>\n<li style=\"font-weight: 400;\" aria-level=\"1\"><a href=\"https:\/\/floridareprofreedom.org\/zh\/%e5%8e%bf%e5%8d%ab%e7%94%9f%e9%83%a8%e9%97%a8\/\"><span style=\"font-weight: 400;\">Pwogram Planifikasyon Fanmi nan Depatman Sante Florid (pa konte)<\/span><\/a><\/li>\n<li style=\"font-weight: 400;\" aria-level=\"1\"><a href=\"https:\/\/floridareprofreedom.org\/zh\/%e6%95%99%e8%82%b2%e8%b5%84%e6%ba%90-hc\/\"><span style=\"font-weight: 400;\">Resous Edikasyon ak Defans \u2013 pou Dokt\u00e8 ak Konsomat\u00e8<\/span><\/a><\/li>\n<li style=\"font-weight: 400;\" aria-level=\"1\"><span style=\"font-weight: 400;\"><a href=\"https:\/\/nwlc.org\/having-trouble-getting-birth-control\/\">Rezoud pwobl\u00e8m asirans: pa gen okenn kopeman ni l\u00f2t depans pou soti-nan-p\u00f2ch pou planin<\/a> \uff08Sant Lwa Fanm Nasyonal\uff09<\/span><\/li>\n<li style=\"font-weight: 400;\" aria-level=\"1\"><a href=\"https:\/\/floridareprofreedom.org\/zh\/ec\/\"><span style=\"font-weight: 400;\">Paj Aksyon\uff1a\u563f Publix\uff01 #\u4e0d\u9690\u85cfEC<\/span><\/a><\/li>\n<\/ul>\n<p><strong>Kons\u00e8nan Gwoup Travay Aks\u00e8 Kontraseptif yo<\/strong><\/p>\n<ul>\n<li><span style=\"font-weight: 400;\">Objektif nou yo se pou ede <\/span><b>kenbe aks\u00e8 ak kontrasepsyon<\/b><span style=\"font-weight: 400;\"> pou moun ki gen bary\u00e8 pou swen planin tankou:<\/span>\n<ul>\n<li style=\"font-weight: 400;\" aria-level=\"1\"><span style=\"font-weight: 400;\">Manke asirans sante oswa pri ki toujou wo menm av\u00e8k asirans\u00a0<\/span><\/li>\n<li style=\"font-weight: 400;\" aria-level=\"1\"><span style=\"font-weight: 400;\">Pwobl\u00e8m transp\u00f2tasyon<\/span><\/li>\n<li style=\"font-weight: 400;\" aria-level=\"1\"><span style=\"font-weight: 400;\">P\u00e8 discriminasyon<\/span><\/li>\n<li style=\"font-weight: 400;\" aria-level=\"1\"><span style=\"font-weight: 400;\">Enkyetid sou patisipasyon paran yo<\/span><\/li>\n<li style=\"font-weight: 400;\" aria-level=\"1\"><span style=\"font-weight: 400;\">\u5df4\u91cc\u8036\u00b7\u5170\u52a0\u4f0a<\/span><\/li>\n<\/ul>\n<p><span style=\"font-weight: 400;\">Epi tou, nou f\u00e8 ef\u00f2 pou <\/span><b>\u8fde\u63a5<\/b><span style=\"font-weight: 400;\"> pasyan yo\u3001founis\u00e8 medikal yo\u3001\u00f2ganizasyon patn\u00e8 yo\u3001ak resous ki ofri <\/span><b>pri ki-efikas<\/b><span style=\"font-weight: 400;\">, <\/span><b>konpl\u00e8<\/b><span style=\"font-weight: 400;\">, ak s\u00e8vis planin ki <\/span><b>\u6851\u7279\u96f7\u82cf<\/b><span style=\"font-weight: 400;\"> \u5e15\u65af\u626c\u3002<\/span><span style=\"font-weight: 400;\"><br \/>\n<\/span><span style=\"font-weight: 400;\"><br \/>\n<\/span><span style=\"font-weight: 400;\">Nou sip\u00f2te ef\u00f2 <\/span><b>\u5fb7\u51e1\u65af<\/b><span style=\"font-weight: 400;\"> ki <\/span><b>elaji Medicaid<\/b><span style=\"font-weight: 400;\">, <\/span><b>fon gouv\u00e8nman ak kouv\u00e8ti plan asirans prive<\/b><span style=\"font-weight: 400;\"> \u666e\u5170\u5b81\uff1b\u62dc\u5e15\u897f\u626c\u54df\u963f\u514b\u798f\u5c3c\u585e\u54df <\/span><b>\u6ce2\u74e6<\/b><span style=\"font-weight: 400;\"> pou yo aprann <\/span><b>\u5168\u90e8\u9009\u9879<\/b><span style=\"font-weight: 400;\"> nan planin n\u00e8t (pi plis pase sak baze sou abstinans oswa met\u00f2d planifikasyon \u201cnatir\u00e8l\u201d pou fanmi an)\u3002<\/span><span style=\"font-weight: 400;\"><br \/>\n<\/span><span style=\"font-weight: 400;\"><br \/>\n<\/span><span style=\"font-weight: 400;\">Nou vize pou ogmante messagerie ak aks\u00e8 pou <\/span><b>kontrasepsyon ijans<\/b><span style=\"font-weight: 400;\"> \uff08B\u8ba1\u5212\uff0c\u827e\u62c9\uff09ak <\/span><b>kontrasepsyon rev\u00e8sib ki aji-lontan<\/b><span style=\"font-weight: 400;\"> (LARC) tankou IUD oswa enplimant, epi <\/span><b>\u65b9\u6cd5 san preskripsyon<\/b><span style=\"font-weight: 400;\"> \u6e38\u89c8\u3002<\/span><\/p>\n<ul>\n<li style=\"font-weight: 400;\" aria-level=\"1\"><span style=\"font-weight: 400;\">Tcheke kanpay nou gen kounye a pou mande Publix pou f\u00e8 EC aksesib a kliyan li yo, pou yo vann li nan ale Planifikasyon Fanmi an olye nan d\u00e8y\u00e8 biwo famasi a: \u563f Publix\uff01 #\u4e0d\u9690\u85cfEC<\/span>: <a href=\"https:\/\/floridareprofreedom.org\/zh\/ec\/\">\u563f\uff0cPublix\uff01#DontHideEC<\/a><\/li>\n<\/ul>\n<\/li>\n<\/ul>\n<p><a href=\"https:\/\/floridareprofreedom.org\/zh\/ec\/\"><img fetchpriority=\"high\" decoding=\"async\" class=\"size-large wp-image-1374 aligncenter\" src=\"https:\/\/floridareprofreedom.org\/wp-content\/uploads\/2020\/10\/2-1-1024x791.png\" alt=\"\" width=\"800\" height=\"618\" srcset=\"https:\/\/floridareprofreedom.org\/wp-content\/uploads\/2020\/10\/2-1-1024x791.png 1024w, https:\/\/floridareprofreedom.org\/wp-content\/uploads\/2020\/10\/2-1-300x232.png 300w, https:\/\/floridareprofreedom.org\/wp-content\/uploads\/2020\/10\/2-1-768x593.png 768w, https:\/\/floridareprofreedom.org\/wp-content\/uploads\/2020\/10\/2-1-1536x1187.png 1536w, https:\/\/floridareprofreedom.org\/wp-content\/uploads\/2020\/10\/2-1.png 1650w\" sizes=\"(max-width: 800px) 100vw, 800px\" \/><\/a><\/p>\n<h2>\u5e15\u8482\u897f\u4f69<\/h2>\n<p><span style=\"font-weight: 400;\">Enterese nan travay pou chanjman lwa nan nivo Eta a\uff1f Gwoup Travay Aks\u00e8 Kontraseptif FRF la akeyi patisipasyon ou\u3002<\/span><span style=\"font-weight: 400;\"><br \/>\n<\/span><span style=\"font-weight: 400;\"><br \/>\n<\/span><span style=\"font-weight: 400;\">Pataje lyen paj sa a ak Gid Resous nou an sou rezo sosyal, lis s\u00e8vis imel, ak bilten lokal yo\uff1b pataje av\u00e8k \u00f2ganizasyon patn\u00e8 ou yo\/lek\u00f2l\/klinik; Gendwa telechaje\u3001enprime\u3001ak distribye tou\u3002<\/span><span style=\"font-weight: 400;\"><br \/>\n<\/span><span style=\"font-weight: 400;\"><br \/>\n<\/span><span style=\"font-weight: 400;\">Si ou gen enf\u00f2masyon pou ajoute\/modifye, tanpri im\u00e8l T\u00e8t Komite <\/span><b>Gwoup Travay Aks\u00e8 Kontraseptif FRF<\/b><span style=\"font-weight: 400;\">, <\/span><a href=\"mailto: reerob71@gmail.com\">\u745e\u838e\u00b7\u7f57\u4f2f\u8328<\/a>.<\/p>\n<p><a href=\"https:\/\/progressflorida.actionkit.com\/signup\/frf-grassroots-signup\" target=\"_blank\" rel=\"noopener\"><button>\u6ce8\u518c\u53c2\u4e0e<\/button><\/a><\/p>","protected":false},"excerpt":{"rendered":"<p>&#8220;Nan l\u00e8 etranj sa a, plis boulv\u00e8san pase deba sou planin, se ak ki pasyon ke fanm bezwen jistifye oswa eksplike poukisa yo pran planin-rezon sante, kontwole r\u00e8g, ou konnen, tankou gen yon bagay ki mal nan pran planin tou senpleman paske ou vle f\u00e8 s\u00e8ks san s\u00e8ks sa a pa vinn lak\u00f2z gwos\u00e8s.&#8221; &#8211; [&hellip;]<\/p>\n","protected":false},"author":3,"featured_media":0,"parent":0,"menu_order":0,"comment_status":"closed","ping_status":"closed","template":"","meta":{"footnotes":""},"folder":[21,10],"class_list":["post-2069","page","type-page","status-publish","hentry"],"yoast_head":"<!-- This site is optimized with the Yoast SEO plugin v27.4 - https:\/\/yoast.com\/product\/yoast-seo-wordpress\/ -->\n<title>Gwoup Travay Aks\u00e8 Kontraseptif - Floridians For Reproductive Freedom<\/title>\n<meta name=\"robots\" content=\"index, follow, max-snippet:-1, max-image-preview:large, max-video-preview:-1\" \/>\n<link rel=\"canonical\" href=\"https:\/\/floridareprofreedom.org\/zh\/\u907f\u5b55\u836f\u5177\u83b7\u53d6\u9014\u5f84\/\" \/>\n<meta property=\"og:locale\" content=\"zh_CN\" \/>\n<meta property=\"og:type\" content=\"article\" \/>\n<meta property=\"og:title\" content=\"Gwoup Travay Aks\u00e8 Kontraseptif - Floridians For Reproductive Freedom\" \/>\n<meta property=\"og:description\" content=\"&#8220;Nan l\u00e8 etranj sa a, plis boulv\u00e8san pase deba sou planin, se ak ki pasyon ke fanm bezwen jistifye oswa eksplike poukisa yo pran planin-rezon sante, kontwole r\u00e8g, ou konnen, tankou gen yon bagay ki mal nan pran planin tou senpleman paske ou vle f\u00e8 s\u00e8ks san s\u00e8ks sa a pa vinn lak\u00f2z gwos\u00e8s.&#8221; &#8211; [&hellip;]\" \/>\n<meta property=\"og:url\" content=\"https:\/\/floridareprofreedom.org\/zh\/\u907f\u5b55\u836f\u5177\u83b7\u53d6\u9014\u5f84\/\" \/>\n<meta property=\"og:site_name\" content=\"Floridians For Reproductive Freedom\" \/>\n<meta property=\"article:publisher\" content=\"https:\/\/www.facebook.com\/FloridaReproFreedom\/\" \/>\n<meta property=\"article:modified_time\" content=\"2021-08-18T19:08:14+00:00\" \/>\n<meta property=\"og:image\" content=\"https:\/\/floridareprofreedom.org\/wp-content\/uploads\/2020\/10\/2-1-1024x791.png\" \/>\n<meta name=\"twitter:card\" content=\"summary_large_image\" \/>\n<meta name=\"twitter:site\" content=\"@FLReproFreedom\" \/>\n<meta name=\"twitter:label1\" content=\"\u9884\u8ba1\u9605\u8bfb\u65f6\u95f4\" \/>\n\t<meta name=\"twitter:data1\" content=\"3 \u5206\" \/>\n<script type=\"application\/ld+json\" class=\"yoast-schema-graph\">{\"@context\":\"https:\\\/\\\/schema.org\",\"@graph\":[{\"@type\":\"WebPage\",\"@id\":\"https:\\\/\\\/floridareprofreedom.org\\\/contraceptives-access-hc\\\/\",\"url\":\"https:\\\/\\\/floridareprofreedom.org\\\/contraceptives-access-hc\\\/\",\"name\":\"Gwoup Travay Aks\u00e8 Kontraseptif - Floridians For Reproductive Freedom\",\"isPartOf\":{\"@id\":\"https:\\\/\\\/floridareprofreedom.org\\\/#website\"},\"primaryImageOfPage\":{\"@id\":\"https:\\\/\\\/floridareprofreedom.org\\\/contraceptives-access-hc\\\/#primaryimage\"},\"image\":{\"@id\":\"https:\\\/\\\/floridareprofreedom.org\\\/contraceptives-access-hc\\\/#primaryimage\"},\"thumbnailUrl\":\"https:\\\/\\\/floridareprofreedom.org\\\/wp-content\\\/uploads\\\/2020\\\/10\\\/2-1-1024x791.png\",\"datePublished\":\"2021-08-18T19:07:25+00:00\",\"dateModified\":\"2021-08-18T19:08:14+00:00\",\"breadcrumb\":{\"@id\":\"https:\\\/\\\/floridareprofreedom.org\\\/contraceptives-access-hc\\\/#breadcrumb\"},\"inLanguage\":\"zh-Hans\",\"potentialAction\":[{\"@type\":\"ReadAction\",\"target\":[\"https:\\\/\\\/floridareprofreedom.org\\\/contraceptives-access-hc\\\/\"]}]},{\"@type\":\"ImageObject\",\"inLanguage\":\"zh-Hans\",\"@id\":\"https:\\\/\\\/floridareprofreedom.org\\\/contraceptives-access-hc\\\/#primaryimage\",\"url\":\"https:\\\/\\\/floridareprofreedom.org\\\/wp-content\\\/uploads\\\/2020\\\/10\\\/2-1-1024x791.png\",\"contentUrl\":\"https:\\\/\\\/floridareprofreedom.org\\\/wp-content\\\/uploads\\\/2020\\\/10\\\/2-1-1024x791.png\"},{\"@type\":\"BreadcrumbList\",\"@id\":\"https:\\\/\\\/floridareprofreedom.org\\\/contraceptives-access-hc\\\/#breadcrumb\",\"itemListElement\":[{\"@type\":\"ListItem\",\"position\":1,\"name\":\"Home\",\"item\":\"https:\\\/\\\/floridareprofreedom.org\\\/\"},{\"@type\":\"ListItem\",\"position\":2,\"name\":\"Gwoup Travay Aks\u00e8 Kontraseptif\"}]},{\"@type\":\"WebSite\",\"@id\":\"https:\\\/\\\/floridareprofreedom.org\\\/#website\",\"url\":\"https:\\\/\\\/floridareprofreedom.org\\\/\",\"name\":\"Floridians For Reproductive Freedom\",\"description\":\"Advocating for convenient, affordable, and safe access to reproductive health care, including abortion.\",\"publisher\":{\"@id\":\"https:\\\/\\\/floridareprofreedom.org\\\/#organization\"},\"potentialAction\":[{\"@type\":\"SearchAction\",\"target\":{\"@type\":\"EntryPoint\",\"urlTemplate\":\"https:\\\/\\\/floridareprofreedom.org\\\/?s={search_term_string}\"},\"query-input\":{\"@type\":\"PropertyValueSpecification\",\"valueRequired\":true,\"valueName\":\"search_term_string\"}}],\"inLanguage\":\"zh-Hans\"},{\"@type\":\"Organization\",\"@id\":\"https:\\\/\\\/floridareprofreedom.org\\\/#organization\",\"name\":\"Floridians for Reproductive Freedom\",\"url\":\"https:\\\/\\\/floridareprofreedom.org\\\/\",\"logo\":{\"@type\":\"ImageObject\",\"inLanguage\":\"zh-Hans\",\"@id\":\"https:\\\/\\\/floridareprofreedom.org\\\/#\\\/schema\\\/logo\\\/image\\\/\",\"url\":\"https:\\\/\\\/floridareprofreedom.org\\\/wp-content\\\/uploads\\\/2019\\\/05\\\/Untitled.jpg\",\"contentUrl\":\"https:\\\/\\\/floridareprofreedom.org\\\/wp-content\\\/uploads\\\/2019\\\/05\\\/Untitled.jpg\",\"width\":174,\"height\":180,\"caption\":\"Floridians for Reproductive Freedom\"},\"image\":{\"@id\":\"https:\\\/\\\/floridareprofreedom.org\\\/#\\\/schema\\\/logo\\\/image\\\/\"},\"sameAs\":[\"https:\\\/\\\/www.facebook.com\\\/FloridaReproFreedom\\\/\",\"https:\\\/\\\/x.com\\\/FLReproFreedom\",\"https:\\\/\\\/www.instagram.com\\\/floridareprofreedom\\\/\"]}]}<\/script>\n<!-- \/ Yoast SEO plugin. -->","yoast_head_json":{"title":"Gwoup Travay Aks\u00e8 Kontraseptif - \u4f5b\u7f57\u91cc\u8fbe\u4eba\u4e89\u53d6\u751f\u6b96\u81ea\u7531","robots":{"index":"index","follow":"follow","max-snippet":"max-snippet:-1","max-image-preview":"max-image-preview:large","max-video-preview":"max-video-preview:-1"},"canonical":"https:\/\/floridareprofreedom.org\/zh\/\u907f\u5b55\u836f\u5177\u83b7\u53d6\u9014\u5f84\/","og_locale":"zh_CN","og_type":"article","og_title":"Gwoup Travay Aks\u00e8 Kontraseptif - Floridians For Reproductive Freedom","og_description":"&#8220;Nan l\u00e8 etranj sa a, plis boulv\u00e8san pase deba sou planin, se ak ki pasyon ke fanm bezwen jistifye oswa eksplike poukisa yo pran planin-rezon sante, kontwole r\u00e8g, ou konnen, tankou gen yon bagay ki mal nan pran planin tou senpleman paske ou vle f\u00e8 s\u00e8ks san s\u00e8ks sa a pa vinn lak\u00f2z gwos\u00e8s.&#8221; &#8211; [&hellip;]","og_url":"https:\/\/floridareprofreedom.org\/zh\/\u907f\u5b55\u836f\u5177\u83b7\u53d6\u9014\u5f84\/","og_site_name":"Floridians For Reproductive Freedom","article_publisher":"https:\/\/www.facebook.com\/FloridaReproFreedom\/","article_modified_time":"2021-08-18T19:08:14+00:00","og_image":[{"url":"https:\/\/floridareprofreedom.org\/wp-content\/uploads\/2020\/10\/2-1-1024x791.png","type":"","width":"","height":""}],"twitter_card":"summary_large_image","twitter_site":"@FLReproFreedom","twitter_misc":{"\u9884\u8ba1\u9605\u8bfb\u65f6\u95f4":"3 \u5206"},"schema":{"@context":"https:\/\/schema.org","@graph":[{"@type":"WebPage","@id":"https:\/\/floridareprofreedom.org\/contraceptives-access-hc\/","url":"https:\/\/floridareprofreedom.org\/contraceptives-access-hc\/","name":"Gwoup Travay Aks\u00e8 Kontraseptif - \u4f5b\u7f57\u91cc\u8fbe\u4eba\u4e89\u53d6\u751f\u6b96\u81ea\u7531","isPartOf":{"@id":"https:\/\/floridareprofreedom.org\/#website"},"primaryImageOfPage":{"@id":"https:\/\/floridareprofreedom.org\/contraceptives-access-hc\/#primaryimage"},"image":{"@id":"https:\/\/floridareprofreedom.org\/contraceptives-access-hc\/#primaryimage"},"thumbnailUrl":"https:\/\/floridareprofreedom.org\/wp-content\/uploads\/2020\/10\/2-1-1024x791.png","datePublished":"2021-08-18T19:07:25+00:00","dateModified":"2021-08-18T19:08:14+00:00","breadcrumb":{"@id":"https:\/\/floridareprofreedom.org\/contraceptives-access-hc\/#breadcrumb"},"inLanguage":"zh-Hans","potentialAction":[{"@type":"ReadAction","target":["https:\/\/floridareprofreedom.org\/contraceptives-access-hc\/"]}]},{"@type":"ImageObject","inLanguage":"zh-Hans","@id":"https:\/\/floridareprofreedom.org\/contraceptives-access-hc\/#primaryimage","url":"https:\/\/floridareprofreedom.org\/wp-content\/uploads\/2020\/10\/2-1-1024x791.png","contentUrl":"https:\/\/floridareprofreedom.org\/wp-content\/uploads\/2020\/10\/2-1-1024x791.png"},{"@type":"BreadcrumbList","@id":"https:\/\/floridareprofreedom.org\/contraceptives-access-hc\/#breadcrumb","itemListElement":[{"@type":"ListItem","position":1,"name":"Home","item":"https:\/\/floridareprofreedom.org\/"},{"@type":"ListItem","position":2,"name":"Gwoup Travay Aks\u00e8 Kontraseptif"}]},{"@type":"WebSite","@id":"https:\/\/floridareprofreedom.org\/#website","url":"https:\/\/floridareprofreedom.org\/","name":"\u4f5b\u7f57\u91cc\u8fbe\u5dde\u751f\u6b96\u81ea\u7531\u534f\u4f1a","description":"\u5021\u5bfc\u63d0\u4f9b\u4fbf\u6377\u3001\u7ecf\u6d4e\u3001\u5b89\u5168\u7684\u751f\u6b96\u5065\u5eb7\u670d\u52a1\uff0c\u5305\u62ec\u5815\u80ce\u3002","publisher":{"@id":"https:\/\/floridareprofreedom.org\/#organization"},"potentialAction":[{"@type":"SearchAction","target":{"@type":"EntryPoint","urlTemplate":"https:\/\/floridareprofreedom.org\/?s={search_term_string}"},"query-input":{"@type":"PropertyValueSpecification","valueRequired":true,"valueName":"search_term_string"}}],"inLanguage":"zh-Hans"},{"@type":"Organization","@id":"https:\/\/floridareprofreedom.org\/#organization","name":"\u4f5b\u7f57\u91cc\u8fbe\u5dde\u751f\u6b96\u81ea\u7531\u534f\u4f1a","url":"https:\/\/floridareprofreedom.org\/","logo":{"@type":"ImageObject","inLanguage":"zh-Hans","@id":"https:\/\/floridareprofreedom.org\/#\/schema\/logo\/image\/","url":"https:\/\/floridareprofreedom.org\/wp-content\/uploads\/2019\/05\/Untitled.jpg","contentUrl":"https:\/\/floridareprofreedom.org\/wp-content\/uploads\/2019\/05\/Untitled.jpg","width":174,"height":180,"caption":"Floridians for Reproductive Freedom"},"image":{"@id":"https:\/\/floridareprofreedom.org\/#\/schema\/logo\/image\/"},"sameAs":["https:\/\/www.facebook.com\/FloridaReproFreedom\/","https:\/\/x.com\/FLReproFreedom","https:\/\/www.instagram.com\/floridareprofreedom\/"]}]}},"_links":{"self":[{"href":"https:\/\/floridareprofreedom.org\/zh\/wp-json\/wp\/v2\/pages\/2069","targetHints":{"allow":["GET"]}}],"collection":[{"href":"https:\/\/floridareprofreedom.org\/zh\/wp-json\/wp\/v2\/pages"}],"about":[{"href":"https:\/\/floridareprofreedom.org\/zh\/wp-json\/wp\/v2\/types\/page"}],"author":[{"embeddable":true,"href":"https:\/\/floridareprofreedom.org\/zh\/wp-json\/wp\/v2\/users\/3"}],"replies":[{"embeddable":true,"href":"https:\/\/floridareprofreedom.org\/zh\/wp-json\/wp\/v2\/comments?post=2069"}],"version-history":[{"count":4,"href":"https:\/\/floridareprofreedom.org\/zh\/wp-json\/wp\/v2\/pages\/2069\/revisions"}],"predecessor-version":[{"id":2079,"href":"https:\/\/floridareprofreedom.org\/zh\/wp-json\/wp\/v2\/pages\/2069\/revisions\/2079"}],"wp:attachment":[{"href":"https:\/\/floridareprofreedom.org\/zh\/wp-json\/wp\/v2\/media?parent=2069"}],"wp:term":[{"taxonomy":"folder","embeddable":true,"href":"https:\/\/floridareprofreedom.org\/zh\/wp-json\/wp\/v2\/folder?post=2069"}],"curies":[{"name":"wp","href":"https:\/\/api.w.org\/{rel}","templated":true}]}}