{"id":2484,"date":"2022-06-08T19:38:25","date_gmt":"2022-06-08T19:38:25","guid":{"rendered":"https:\/\/floridareprofreedom.org\/?page_id=2484"},"modified":"2022-06-08T19:43:42","modified_gmt":"2022-06-08T19:43:42","slug":"%e4%bc%81%e4%b8%9a%e6%88%98%e7%95%a5","status":"publish","type":"page","link":"https:\/\/floridareprofreedom.org\/zh\/corporate-sp\/","title":{"rendered":"\u4e3a\u6211\u4eec\u7684\u6bcd\u4eb2\u7684\u53d7\u76ca\u8005\u63d0\u4f9b\u6297\u5815\u80ce\u516c\u53f8\u7684\u5e2e\u52a9"},"content":{"rendered":"<p><img fetchpriority=\"high\" decoding=\"async\" src=\"https:\/\/floridareprofreedom.org\/wp-content\/uploads\/2022\/05\/corporate-accountability-600-long.png\" alt=\"\" width=\"600\" height=\"193\" \/><\/p>\n<h2><span style=\"font-weight: 400;\">\u7981\u6b62\u6d41\u4ea7\u6781\u7aef\u4e3b\u4e49\u91d1\u878d\u516c\u53f8 <\/span><\/h2>\n<p><span style=\"font-weight: 400;\">\u72ec\u7acb\u51b3\u5b9a\u5728\u6cd5\u5ead\u4e0a\u7684\u6781\u7aef\u5206\u5b50\u3001\u5815\u80ce\u670d\u52a1\u4ee5\u53ca\u6240\u6709\u5fc5\u8981\u7684\u670d\u52a1\uff0c\u8fd9\u4e9b\u90fd\u662f\u91cd\u8981\u7684\u4e8b\u60c5\u3002\u00a0<\/span><\/p>\n<p><span style=\"font-weight: 400;\">\u4f5b\u7f57\u91cc\u8fbe\u5dde\u7684\u4e0b\u843d\u53ef\u80fd\u662f\u5fc5\u987b\u7684\uff0c\u4f46\u5927\u6d77\u5374\u662f\u5fc5\u987b\u7684\uff0c\u7f6a\u5b7d\u6df1\u91cd\u3002\u4f46\u8bf7\u6ce8\u610f\uff0c\u8fd9\u4e0d\u662f es el caso\u3002\u00a0<\/span><\/p>\n<p><b>\u9762\u5bf9\u56f0\u96be\u7684\u60c5\u51b5\uff0c\u516c\u53f8\u7684\u7ecf\u6d4e\u53d1\u5c55\uff0c\u5de5\u4e1a\u548c\u98df\u54c1\u670d\u52a1\u4e1a\u7684\u53d1\u5c55\uff0c\u6211\u4eec\u4eca\u5929\u8981\u505a\u7684\u4e00\u5207\uff0c\u90fd\u662f\u4eca\u5929\u7684\u94b1\uff0c\u6211\u4eec\u7684\u52aa\u529b\uff0c\u6211\u4eec\u7684\u5de5\u4f5c\uff0c\u513f\u5b50\u62c9\u65af\u739b\u65af\u4f5b\u7f57\u91cc\u8fbe\u5dde\u4e00\u4f4d\u53cd\u5815\u80ce\u653f\u6cbb\u5bb6\u7684\u91d1\u878d\u5bb6\u575a\u51b3\u53cd\u5bf9\u751f\u6b96\u548c\u96c6\u4f53\u81ea\u7531\u3002\u00a0<\/b><\/p>\n<p><span style=\"font-weight: 400;\">\u534e\u7279\u8fea\u58eb\u5c3c\u4e16\u754c\u5df2\u542f\u52a8\u4f5b\u7f57\u91cc\u8fbe\u7535\u529b\u548c\u7167\u660e\u516c\u53f8\uff0c\u786e\u8ba4\u6211\u4eec\u7684\u5065\u5eb7\u3001\u53cc\u8d62\u548c\u591a\u5143\u5316\u793e\u533a\uff0c\u6211\u4eec\u5c06\u5728\u672a\u6765\u51e0\u4e2a\u6708\u5185\u4e3a\u6781\u7aef\u9009\u6c11\u63d0\u4f9b\u767e\u4e07\u7f8e\u5143\u7684\u8d44\u91d1\uff0c\u4ee5\u9650\u5236\u6211\u4eec\u7684\u51b3\u5b9a\u6027\u56e0\u7d20\u3001\u9650\u5236\u548c\u5408\u4f5cconstruir nuestras familias en nuestros propios terminos\u3002\u8fd9\u5c31\u662f\u9648\u8bcd\u6ee5\u8c03\u3002<\/span><\/p>\n<p><b>\u653f\u6cbb\u5bb6\u548c\u91d1\u878d\u5bb6\u90fd\u6ca1\u6709\u505a\u51fa\u79c1\u4eba\u533b\u7597\u51b3\u5b9a\u3002\u8fd9\u662f\u6211\u4eec\u7684\u7ecf\u6d4e\u53d7\u76ca\u8005\uff0c\u4e5f\u662f\u5982\u6b64\u3002 <\/b><\/p>\n<h2 style=\"text-align: center;\"><em><strong><a href=\"https:\/\/act.progressflorida.org\/signup\/repro-corporate-accountability_sp\/\"><img decoding=\"async\" src=\"https:\/\/floridareprofreedom.org\/wp-content\/uploads\/2022\/05\/click-here-100.jpg\" alt=\"\" width=\"149\" height=\"74\" \/>\u5199\u4e0b ahora para exigirlecuentas a estascorporaciones\u3002<\/a><\/strong><\/em><\/h2>\n<h2><span style=\"font-weight: 400;\">Conozcan a Abortion Injustice Inc.<\/span><\/h2>\n<p><span style=\"font-weight: 400;\">\u4f5b\u7f57\u91cc\u8fbe\u5dde\u7981\u6b62\u5815\u80ce\u548c\u7981\u6b62\u751f\u80b2\u7684\u91d1\u878d\u5bb6\u548c\u53cd\u5815\u80ce\u653f\u6cbb\u5bb6\u7684\u6f14\u5458\u4eec\u3002 2020-2022 \u5e74\u671f\u95f4\uff0c\u6240\u6709\u5bb6\u5ead\u6210\u5458\u603b\u6570\u5c06\u6210\u4e3a\u4f5b\u7f57\u91cc\u8fbe\u5dde 15 \u5468\u7684\u4fdd\u62a4\u8005\u548c\u4fdd\u62a4\u8005\u9879\u76ee\u7684\u7b2c 5 \u5c4a\u5361\u9a6c\u62c9\u4ee3\u8868\u9879\u76ee\uff0c\u7981\u6b62\u5815\u80ce\u3002<\/span><\/p>\n<p><b>\u534e\u7279\u8fea\u58eb\u5c3c\u516c\u53f8 \u2013 $927,359.81<\/b><\/p>\n<p><span style=\"font-weight: 400;\">\u8fea\u58eb\u5c3c\uff0c\u5728\u4f5b\u7f57\u91cc\u8fbe\u5dde\u4e2d\u5fc3\u5730\u533a\u7684\u4f1f\u5927\u4e8b\u4e1a\uff0c\u575a\u5b9a\u5730\u4e3a\u5bb6\u4eba\u670d\u52a1\u3002\u4f46\u5728\u653f\u6cbb\u4e0a\u53cd\u5bf9\u5815\u80ce\u7684\u60c5\u51b5\u4e0b\uff0c$1 \u767e\u4e07\u5e74\u5df2\u7ecf\u8fc7\u53bb\u4e86\u3002\u8fd9\u7247\u6d77\u6d0b\u5bf9\u4e8e\u5bb6\u5ead\u6765\u8bf4\u662f\u4e00\u4ef6\u56f0\u96be\u7684\u4e8b\u60c5\uff0c\u800c\u5bf9\u4e8e\u4ed6\u7684\u5bb6\u4eba\u6765\u8bf4\uff0c\u8fd9\u4e5f\u662f\u4e00\u4ef6\u56f0\u96be\u7684\u4e8b\u60c5\uff0c\u5bf9\u4e8e\u4eba\u7269\u6765\u8bf4\uff0c\u6784\u5efa\u672a\u6765\u7684\u8bbe\u8ba1\u4e5f\u662f\u56f0\u96be\u7684\u3002<\/span><\/p>\n<p><b>NBC\u73af\u7403 \u2013 $204,000.00<\/b><\/p>\n<p><span style=\"font-weight: 400;\">\u4f8b\u5982\uff0c\u4e3b\u8981\u516c\u53f8\u662f\u4e16\u754c\u901a\u4fe1\u5a92\u4f53\u548c\u4f01\u4e1a\u7684\u4e3b\u8981\u5408\u4f5c\u4f19\u4f34\uff0c\u751f\u4ea7\u5f85\u529e\u4e8b\u9879\u3001\u53d1\u5e03\u65b0\u95fb\u8282\u76ee\u3001\u6211\u4eec\u7684\u8ba1\u5212\u3001\u6211\u4eec\u7684\u5bb6\u5ead\u4e3b\u9898\u516c\u56ed\u3001NBCUniversal \u53c2\u4e0e\u914d\u7f6e\u6211\u4eec\u7684\u6587\u5316\u3002\u7ecf\u5e38\u8fdb\u884c\u201c\u5bb6\u5ead\u4e4b\u53cb\u201d\u6d3b\u52a8\u548c\u5185\u5bb9\uff0c\u4f46\u8981\u4e0e\u771f\u5b9e\u7684\u4eba\u7269\u548c\u5bb6\u5ead\u4fdd\u6301\u8054\u7cfb\uff0c\u4ee5\u76f8\u53cd\u7684\u65b9\u5f0f\u8fdb\u884c\u3002<\/span><\/p>\n<p><b>Publix \u2013 $422,500.00<\/b><\/p>\n<p><span style=\"font-weight: 400;\">\u4f5b\u7f57\u91cc\u8fbe\u5dde\u7684\u5927\u578b\u4f01\u4e1a\u3001\u8d85\u7ea7\u5e02\u573aPublix \u786e\u8ba4\u5c06\u5e2e\u52a9\u4f5b\u7f57\u91cc\u8fbe\u5dde200,000 \u540d\u5458\u5de5\u548c\u6570\u4ee5\u767e\u4e07\u8ba1\u7684\u5bb6\u5ead\u5f97\u5230\u5065\u5eb7\u3002\u4f46\u6211\u4eec\u5fc5\u987b\u79ef\u6781\u63a8\u52a8\u5ba2\u6237\u7684\u5fc5\u8981\u6027\u548c\u81ea\u7531\uff0c\u5e76\u652f\u6301\u653f\u754c\u4eba\u58eb\u7684\u91d1\u878d\u5de5\u4f5c\uff0c\u7981\u6b62\u6211\u4eec\u7ee7\u7eed\u5065\u5eb7\u751f\u6d3b\u3002<\/span><\/p>\n<p><b>\u4f5b\u7f57\u91cc\u8fbe\u84dd\u5341\u5b57\u84dd\u76fe \u2013 $1,036,500.00<\/b><\/p>\n<p><span style=\"font-weight: 400;\">\u5728\u4f5b\u7f57\u91cc\u8fbe\u5dde\uff0c\u84dd\u8272\u516c\u53f8\u575a\u5b9a\u5730\u81f4\u529b\u4e8e\u7ef4\u62a4\u548c\u6253\u51fb\u79cd\u65cf\u4e3b\u4e49\u3002\u4e0e $1 \u7684\u653f\u6cbb\u53cd\u5bf9\u8005\u76f8\u6bd4\uff0c\u6211\u4eec\u80fd\u66f4\u597d\u5730\u53cd\u5bf9\u53cd\u5815\u80ce\u5236\u5ea6\u7684\u538b\u8feb\u5417\uff1f\u7981\u6b62\u6d41\u4ea7\u7684\u7981\u4ee4\u4f1a\u5f71\u54cd\u7981\u6b62\u5815\u80ce\u548c\u7981\u6b62\u989c\u8272\u7684\u4eba\u5728\u5b9e\u9a8c\u4e2d\u8fdb\u884c\u5b9e\u9a8c\u3002\u4f5b\u7f57\u91cc\u8fbe\u84dd\u8f66\u884c\u52a8\u4e0e\u666e\u7f57\u7c73\u8428\u65af\u5bf9\u6297\u3002<\/span><\/p>\n<p><b>\u4f5b\u7f57\u91cc\u8fbe\u7535\u529b\u7167\u660e\u516c\u53f8 (FPL) \u2013 $685,912.52<\/b><\/p>\n<p><span style=\"font-weight: 400;\">Como la compa\u00f1\u00eda de servicios m\u00e1s grande de los Estados Unidos, que brinda servicios a m\u00e1s de 12 millones de personas, FPL\/NextEra nos Proe nuestro derecho b\u00e1sico a la energ\u00eda y la calefacci\u00f3n en nuestros hogares, al tiempo que restringe activemente Nuestro derecho a elegir si y c\u00f3mo Creamos nuestras familias\u3002<\/span><\/p>\n<p><b>\u4f5b\u7f57\u91cc\u8fbe\u5dde\u533b\u9662\u534f\u4f1a (FHA) \u2013 $541,800.00<\/b><\/p>\n<p><span style=\"font-weight: 400;\">FHA \u5df2\u5728\u4f5b\u7f57\u91cc\u8fbe\u5dde\u5f00\u8bbe\u4e86 200 \u5bb6\u533b\u9662\uff0c\u5e76\u786e\u8ba4\u5c06\u63d0\u4f9b\u5065\u5eb7\u4e4b\u58f0\u3002\u533b\u9662\u7684\u76ee\u7684\u5730\u662f\u533b\u7597\u548c\u5b89\u5168\u7684\u5f62\u5f0f\uff0c\u6ca1\u6709\u4efb\u4f55\u9650\u5236\uff0c\u6211\u4eec\u4e0d\u80fd\u9650\u5236\u653f\u6cbb\u4e0a\u7684\u5065\u5eb7\u3002<\/span><\/p>\n<p><b>GEO\u96c6\u56e2 \u2013 $457,800.00<\/b><\/p>\n<p><span style=\"font-weight: 400;\">\u4e16\u754c\u7b2c\u4e8c\u5927\u79c1\u4eba\u76d1\u72f1\u548c\u5e02\u957f\u534f\u5546\u201c\u793e\u533a\u4fee\u6b63\u201d\u548c\u7535\u5b50\u5a92\u4f53\u81ea\u7531\u9650\u5236\uff0cGEO Group da dinero and los Legisladores antiborto paracriminalizar nuestro cuidado de salud, para que\u8fd9\u5c06\u6709\u5229\u4e8e\u72af\u7f6a\u7ecf\u6d4e\u7684\u53d1\u5c55\uff0c\u5e76\u6709\u52a9\u4e8e\u9632\u6b62\u72af\u7f6a\u3002 GEO \u96c6\u56e2\u662f\u4e00\u4e2a\u4e3a\u4eba\u7c7b\u63d0\u4f9b\u7ecf\u6d4e\u5229\u76ca\u7684\u516c\u53f8\u3002<\/span><\/p>\n<p><b>\u7f8e\u56fd\u7cd6\u4e1a\u516c\u53f8 \u2013 $911,500.00<\/b><\/p>\n<p><span style=\"font-weight: 400;\">\u7f8e\u56fd\u7cd6\u4e1a\u516c\u53f8 (US Sugar Corporation) \u5728\u4f5b\u7f57\u91cc\u8fbe\u5dde\u62e5\u6709 230,000 \u82f1\u4ea9\u571f\u5730\uff0c\u662f\u7f8e\u56fd\u8054\u5408\u5dde\u4ea7\u91cf\u7684\u4e3b\u8981\u751f\u4ea7\u5546\u3002\u786e\u8ba4\u516c\u6c11\u3001\u793e\u4f1a\u548c\u6559\u80b2\u7684\u539f\u56e0\uff0c\u4f46\u653f\u6cbb\u4e0a\u7684\u53cd\u5815\u80ce\u53ef\u80fd\u4f1a\u5e26\u6765\u56f0\u96be\uff0c\u8fd9\u5bf9\u6211\u4eec\u7684\u5bb6\u5ead\u6765\u8bf4\u662f\u591a\u4e48\u56f0\u96be\u7684\u4e8b\u60c5\uff1f<\/span><\/p>\n<p><span style=\"font-weight: 400;\">\u6ca1\u6709\u4efb\u4f55\u5173\u7cfb\u3002\u4f5b\u7f57\u91cc\u8fbe\u5dde\u6700\u4f18\u79c0\u7684\u7b97\u6cd5\u3002 De estas corporaciones\u3002\u6211\u4eec\u5df2\u7ecf\u8bc1\u660e\u4e86\u6211\u4eec\u7684\u5065\u5eb7\u3002 De nuestros funcionarios electos\u3002 De nuestras comunidades\u3002<\/span><\/p>\n<h2 style=\"text-align: center;\"><em><strong><a href=\"https:\/\/act.progressflorida.org\/signup\/repro-corporate-accountability\/\"><img decoding=\"async\" src=\"https:\/\/floridareprofreedom.org\/wp-content\/uploads\/2022\/05\/click-here-100.jpg\" alt=\"\" width=\"149\" height=\"74\" \/><\/a><\/strong><\/em><em><strong><a href=\"https:\/\/act.progressflorida.org\/signup\/repro-corporate-accountability_sp\/\">\u5199\u4e0b\u4f5b\u7f57\u91cc\u8fbe\u4eba\u4e89\u53d6\u751f\u6b96\u81ea\u7531\u548c\u9000\u51fa\u516c\u53f8\u7684\u63d0\u793a\u3002<\/a><\/strong><\/em><\/h2>","protected":false},"excerpt":{"rendered":"<p>Las corporaciones est\u00e1n financiando prohibiciones extremistas al aborto Independientemente de qu\u00e9 decidan los extremistas en la corte, los servicios de aborto deben ser accesibles y estar disponibles para todos los que los necesitan, sin importar qui\u00e9nes sean y de d\u00f3nde vengan.\u00a0 Los floridanos deber\u00edan poder abortar cuando lo necesiten, donde sea que lo necesiten, sin [&hellip;]<\/p>\n","protected":false},"author":3,"featured_media":0,"parent":0,"menu_order":0,"comment_status":"closed","ping_status":"closed","template":"","meta":{"footnotes":""},"folder":[],"class_list":["post-2484","page","type-page","status-publish","hentry"],"yoast_head":"<!-- This site is optimized with the Yoast SEO plugin v27.3 - https:\/\/yoast.com\/product\/yoast-seo-wordpress\/ -->\n<title>Pidamos cuentas a las corporaciones antiaborto por beneficiarse de nuestros cuerpos - Floridians For Reproductive Freedom<\/title>\n<meta name=\"robots\" content=\"index, follow, max-snippet:-1, max-image-preview:large, max-video-preview:-1\" \/>\n<link rel=\"canonical\" href=\"https:\/\/floridareprofreedom.org\/zh\/\u4f01\u4e1a\u6218\u7565\/\" \/>\n<meta property=\"og:locale\" content=\"zh_CN\" \/>\n<meta property=\"og:type\" content=\"article\" \/>\n<meta property=\"og:title\" content=\"Pidamos cuentas a las corporaciones antiaborto por beneficiarse de nuestros cuerpos - Floridians For Reproductive Freedom\" \/>\n<meta property=\"og:description\" content=\"Las corporaciones est\u00e1n financiando prohibiciones extremistas al aborto Independientemente de qu\u00e9 decidan los extremistas en la corte, los servicios de aborto deben ser accesibles y estar disponibles para todos los que los necesitan, sin importar qui\u00e9nes sean y de d\u00f3nde vengan.\u00a0 Los floridanos deber\u00edan poder abortar cuando lo necesiten, donde sea que lo necesiten, sin [&hellip;]\" \/>\n<meta property=\"og:url\" content=\"https:\/\/floridareprofreedom.org\/zh\/\u4f01\u4e1a\u6218\u7565\/\" \/>\n<meta property=\"og:site_name\" content=\"Floridians For Reproductive Freedom\" \/>\n<meta property=\"article:publisher\" content=\"https:\/\/www.facebook.com\/FloridaReproFreedom\/\" \/>\n<meta property=\"article:modified_time\" content=\"2022-06-08T19:43:42+00:00\" \/>\n<meta property=\"og:image\" content=\"https:\/\/floridareprofreedom.org\/wp-content\/uploads\/2022\/05\/corporate-accountability-600-long.png\" \/>\n<meta name=\"twitter:card\" content=\"summary_large_image\" \/>\n<meta name=\"twitter:site\" content=\"@FLReproFreedom\" \/>\n<meta name=\"twitter:label1\" content=\"\u9884\u8ba1\u9605\u8bfb\u65f6\u95f4\" \/>\n\t<meta name=\"twitter:data1\" content=\"4 \u5206\" \/>\n<script type=\"application\/ld+json\" class=\"yoast-schema-graph\">{\"@context\":\"https:\\\/\\\/schema.org\",\"@graph\":[{\"@type\":\"WebPage\",\"@id\":\"https:\\\/\\\/floridareprofreedom.org\\\/corporate-sp\\\/\",\"url\":\"https:\\\/\\\/floridareprofreedom.org\\\/corporate-sp\\\/\",\"name\":\"Pidamos cuentas a las corporaciones antiaborto por beneficiarse de nuestros cuerpos - Floridians For Reproductive Freedom\",\"isPartOf\":{\"@id\":\"https:\\\/\\\/floridareprofreedom.org\\\/#website\"},\"primaryImageOfPage\":{\"@id\":\"https:\\\/\\\/floridareprofreedom.org\\\/corporate-sp\\\/#primaryimage\"},\"image\":{\"@id\":\"https:\\\/\\\/floridareprofreedom.org\\\/corporate-sp\\\/#primaryimage\"},\"thumbnailUrl\":\"https:\\\/\\\/floridareprofreedom.org\\\/wp-content\\\/uploads\\\/2022\\\/05\\\/corporate-accountability-600-long.png\",\"datePublished\":\"2022-06-08T19:38:25+00:00\",\"dateModified\":\"2022-06-08T19:43:42+00:00\",\"breadcrumb\":{\"@id\":\"https:\\\/\\\/floridareprofreedom.org\\\/corporate-sp\\\/#breadcrumb\"},\"inLanguage\":\"zh-Hans\",\"potentialAction\":[{\"@type\":\"ReadAction\",\"target\":[\"https:\\\/\\\/floridareprofreedom.org\\\/corporate-sp\\\/\"]}]},{\"@type\":\"ImageObject\",\"inLanguage\":\"zh-Hans\",\"@id\":\"https:\\\/\\\/floridareprofreedom.org\\\/corporate-sp\\\/#primaryimage\",\"url\":\"https:\\\/\\\/floridareprofreedom.org\\\/wp-content\\\/uploads\\\/2022\\\/05\\\/corporate-accountability-600-long.png\",\"contentUrl\":\"https:\\\/\\\/floridareprofreedom.org\\\/wp-content\\\/uploads\\\/2022\\\/05\\\/corporate-accountability-600-long.png\"},{\"@type\":\"BreadcrumbList\",\"@id\":\"https:\\\/\\\/floridareprofreedom.org\\\/corporate-sp\\\/#breadcrumb\",\"itemListElement\":[{\"@type\":\"ListItem\",\"position\":1,\"name\":\"Home\",\"item\":\"https:\\\/\\\/floridareprofreedom.org\\\/\"},{\"@type\":\"ListItem\",\"position\":2,\"name\":\"Pidamos cuentas a las corporaciones antiaborto por beneficiarse de nuestros cuerpos\"}]},{\"@type\":\"WebSite\",\"@id\":\"https:\\\/\\\/floridareprofreedom.org\\\/#website\",\"url\":\"https:\\\/\\\/floridareprofreedom.org\\\/\",\"name\":\"Floridians For Reproductive Freedom\",\"description\":\"Advocating for convenient, affordable, and safe access to reproductive health care, including abortion.\",\"publisher\":{\"@id\":\"https:\\\/\\\/floridareprofreedom.org\\\/#organization\"},\"potentialAction\":[{\"@type\":\"SearchAction\",\"target\":{\"@type\":\"EntryPoint\",\"urlTemplate\":\"https:\\\/\\\/floridareprofreedom.org\\\/?s={search_term_string}\"},\"query-input\":{\"@type\":\"PropertyValueSpecification\",\"valueRequired\":true,\"valueName\":\"search_term_string\"}}],\"inLanguage\":\"zh-Hans\"},{\"@type\":\"Organization\",\"@id\":\"https:\\\/\\\/floridareprofreedom.org\\\/#organization\",\"name\":\"Floridians for Reproductive Freedom\",\"url\":\"https:\\\/\\\/floridareprofreedom.org\\\/\",\"logo\":{\"@type\":\"ImageObject\",\"inLanguage\":\"zh-Hans\",\"@id\":\"https:\\\/\\\/floridareprofreedom.org\\\/#\\\/schema\\\/logo\\\/image\\\/\",\"url\":\"https:\\\/\\\/floridareprofreedom.org\\\/wp-content\\\/uploads\\\/2019\\\/05\\\/Untitled.jpg\",\"contentUrl\":\"https:\\\/\\\/floridareprofreedom.org\\\/wp-content\\\/uploads\\\/2019\\\/05\\\/Untitled.jpg\",\"width\":174,\"height\":180,\"caption\":\"Floridians for Reproductive Freedom\"},\"image\":{\"@id\":\"https:\\\/\\\/floridareprofreedom.org\\\/#\\\/schema\\\/logo\\\/image\\\/\"},\"sameAs\":[\"https:\\\/\\\/www.facebook.com\\\/FloridaReproFreedom\\\/\",\"https:\\\/\\\/x.com\\\/FLReproFreedom\",\"https:\\\/\\\/www.instagram.com\\\/floridareprofreedom\\\/\"]}]}<\/script>\n<!-- \/ Yoast SEO plugin. -->","yoast_head_json":{"title":"Pidamoscuentas a las corporaciones antiaborto por beneficiarse de nuestroscuerpos - \u4f5b\u7f57\u91cc\u8fbe\u4eba\u4e89\u53d6\u751f\u6b96\u81ea\u7531","robots":{"index":"index","follow":"follow","max-snippet":"max-snippet:-1","max-image-preview":"max-image-preview:large","max-video-preview":"max-video-preview:-1"},"canonical":"https:\/\/floridareprofreedom.org\/zh\/\u4f01\u4e1a\u6218\u7565\/","og_locale":"zh_CN","og_type":"article","og_title":"Pidamos cuentas a las corporaciones antiaborto por beneficiarse de nuestros cuerpos - Floridians For Reproductive Freedom","og_description":"Las corporaciones est\u00e1n financiando prohibiciones extremistas al aborto Independientemente de qu\u00e9 decidan los extremistas en la corte, los servicios de aborto deben ser accesibles y estar disponibles para todos los que los necesitan, sin importar qui\u00e9nes sean y de d\u00f3nde vengan.\u00a0 Los floridanos deber\u00edan poder abortar cuando lo necesiten, donde sea que lo necesiten, sin [&hellip;]","og_url":"https:\/\/floridareprofreedom.org\/zh\/\u4f01\u4e1a\u6218\u7565\/","og_site_name":"Floridians For Reproductive Freedom","article_publisher":"https:\/\/www.facebook.com\/FloridaReproFreedom\/","article_modified_time":"2022-06-08T19:43:42+00:00","og_image":[{"url":"https:\/\/floridareprofreedom.org\/wp-content\/uploads\/2022\/05\/corporate-accountability-600-long.png","type":"","width":"","height":""}],"twitter_card":"summary_large_image","twitter_site":"@FLReproFreedom","twitter_misc":{"\u9884\u8ba1\u9605\u8bfb\u65f6\u95f4":"4 \u5206"},"schema":{"@context":"https:\/\/schema.org","@graph":[{"@type":"WebPage","@id":"https:\/\/floridareprofreedom.org\/corporate-sp\/","url":"https:\/\/floridareprofreedom.org\/corporate-sp\/","name":"Pidamoscuentas a las corporaciones antiaborto por beneficiarse de nuestroscuerpos - \u4f5b\u7f57\u91cc\u8fbe\u4eba\u4e89\u53d6\u751f\u6b96\u81ea\u7531","isPartOf":{"@id":"https:\/\/floridareprofreedom.org\/#website"},"primaryImageOfPage":{"@id":"https:\/\/floridareprofreedom.org\/corporate-sp\/#primaryimage"},"image":{"@id":"https:\/\/floridareprofreedom.org\/corporate-sp\/#primaryimage"},"thumbnailUrl":"https:\/\/floridareprofreedom.org\/wp-content\/uploads\/2022\/05\/corporate-accountability-600-long.png","datePublished":"2022-06-08T19:38:25+00:00","dateModified":"2022-06-08T19:43:42+00:00","breadcrumb":{"@id":"https:\/\/floridareprofreedom.org\/corporate-sp\/#breadcrumb"},"inLanguage":"zh-Hans","potentialAction":[{"@type":"ReadAction","target":["https:\/\/floridareprofreedom.org\/corporate-sp\/"]}]},{"@type":"ImageObject","inLanguage":"zh-Hans","@id":"https:\/\/floridareprofreedom.org\/corporate-sp\/#primaryimage","url":"https:\/\/floridareprofreedom.org\/wp-content\/uploads\/2022\/05\/corporate-accountability-600-long.png","contentUrl":"https:\/\/floridareprofreedom.org\/wp-content\/uploads\/2022\/05\/corporate-accountability-600-long.png"},{"@type":"BreadcrumbList","@id":"https:\/\/floridareprofreedom.org\/corporate-sp\/#breadcrumb","itemListElement":[{"@type":"ListItem","position":1,"name":"Home","item":"https:\/\/floridareprofreedom.org\/"},{"@type":"ListItem","position":2,"name":"Pidamos cuentas a las corporaciones antiaborto por beneficiarse de nuestros cuerpos"}]},{"@type":"WebSite","@id":"https:\/\/floridareprofreedom.org\/#website","url":"https:\/\/floridareprofreedom.org\/","name":"\u4f5b\u7f57\u91cc\u8fbe\u5dde\u751f\u6b96\u81ea\u7531\u534f\u4f1a","description":"\u5021\u5bfc\u63d0\u4f9b\u4fbf\u6377\u3001\u7ecf\u6d4e\u3001\u5b89\u5168\u7684\u751f\u6b96\u5065\u5eb7\u670d\u52a1\uff0c\u5305\u62ec\u5815\u80ce\u3002","publisher":{"@id":"https:\/\/floridareprofreedom.org\/#organization"},"potentialAction":[{"@type":"SearchAction","target":{"@type":"EntryPoint","urlTemplate":"https:\/\/floridareprofreedom.org\/?s={search_term_string}"},"query-input":{"@type":"PropertyValueSpecification","valueRequired":true,"valueName":"search_term_string"}}],"inLanguage":"zh-Hans"},{"@type":"Organization","@id":"https:\/\/floridareprofreedom.org\/#organization","name":"\u4f5b\u7f57\u91cc\u8fbe\u5dde\u751f\u6b96\u81ea\u7531\u534f\u4f1a","url":"https:\/\/floridareprofreedom.org\/","logo":{"@type":"ImageObject","inLanguage":"zh-Hans","@id":"https:\/\/floridareprofreedom.org\/#\/schema\/logo\/image\/","url":"https:\/\/floridareprofreedom.org\/wp-content\/uploads\/2019\/05\/Untitled.jpg","contentUrl":"https:\/\/floridareprofreedom.org\/wp-content\/uploads\/2019\/05\/Untitled.jpg","width":174,"height":180,"caption":"Floridians for Reproductive Freedom"},"image":{"@id":"https:\/\/floridareprofreedom.org\/#\/schema\/logo\/image\/"},"sameAs":["https:\/\/www.facebook.com\/FloridaReproFreedom\/","https:\/\/x.com\/FLReproFreedom","https:\/\/www.instagram.com\/floridareprofreedom\/"]}]}},"_links":{"self":[{"href":"https:\/\/floridareprofreedom.org\/zh\/wp-json\/wp\/v2\/pages\/2484","targetHints":{"allow":["GET"]}}],"collection":[{"href":"https:\/\/floridareprofreedom.org\/zh\/wp-json\/wp\/v2\/pages"}],"about":[{"href":"https:\/\/floridareprofreedom.org\/zh\/wp-json\/wp\/v2\/types\/page"}],"author":[{"embeddable":true,"href":"https:\/\/floridareprofreedom.org\/zh\/wp-json\/wp\/v2\/users\/3"}],"replies":[{"embeddable":true,"href":"https:\/\/floridareprofreedom.org\/zh\/wp-json\/wp\/v2\/comments?post=2484"}],"version-history":[{"count":3,"href":"https:\/\/floridareprofreedom.org\/zh\/wp-json\/wp\/v2\/pages\/2484\/revisions"}],"predecessor-version":[{"id":2487,"href":"https:\/\/floridareprofreedom.org\/zh\/wp-json\/wp\/v2\/pages\/2484\/revisions\/2487"}],"wp:attachment":[{"href":"https:\/\/floridareprofreedom.org\/zh\/wp-json\/wp\/v2\/media?parent=2484"}],"wp:term":[{"taxonomy":"folder","embeddable":true,"href":"https:\/\/floridareprofreedom.org\/zh\/wp-json\/wp\/v2\/folder?post=2484"}],"curies":[{"name":"wp","href":"https:\/\/api.w.org\/{rel}","templated":true}]}}