{"id":3142,"date":"2023-12-14T16:37:40","date_gmt":"2023-12-14T16:37:40","guid":{"rendered":"https:\/\/floridareprofreedom.org\/?page_id=3142"},"modified":"2024-01-02T23:24:24","modified_gmt":"2024-01-02T23:24:24","slug":"egzansyon-jidisye-an-florid","status":"publish","type":"page","link":"https:\/\/floridareprofreedom.org\/zh\/judicialbypass\/egzansyon-jidisye-an-florid\/","title":{"rendered":"Egzansyon Jidisy\u00e8 an Florid"},"content":{"rendered":"<h3>\u27a1\ufe0f<a href=\"https:\/\/floridareprofreedom.org\/zh\/%e5%8f%b8%e6%b3%95%e7%bb%95%e9%81%93\/\">\u82f1\u8bed<\/a><br \/>\n\u27a1\ufe0f<a href=\"https:\/\/floridareprofreedom.org\/zh\/%e4%bd%9b%e7%bd%97%e9%87%8c%e8%be%be%e5%b7%9e%e6%9b%bf%e4%bb%a3%e5%8f%b8%e6%b3%95\/\">\u897f\u73ed\u7259\u8bed<\/a><\/h3>\n<h3><em><i><span style=\"font-weight: 400;\">F\u00e8 yon av\u00f2tman san paran w pa enplike\u3002\u00a0<\/span><\/i> \u00a0<\/em><\/h3>\n<p><span style=\"font-weight: 400;\">Eske w bezwen ed legal \u514d\u8d39 pou w jwenn yon egzansyon jidisy\u00e8 \u4f5b\u7f57\u91cc\u8fbe\u5dde\uff1f\u8054\u7cfb Jane Network \u62c9\u5357\u4f0a\u6885\u5c14 <a href=\"\/zh\/info@janenetworkfl.org\/\">info@janenetworkfl.org<\/a> pou ed\u3002\u00a0<\/span><\/p>\n<h1><iframe src=\"https:\/\/www.youtube.com\/embed\/4TT8ZaYJAoE\" width=\"560\" height=\"315\" frameborder=\"0\" allowfullscreen=\"allowfullscreen\"><\/iframe><\/h1>\n<p><span style=\"font-weight: 400;\">Lalwa eta Florid la mande pou yon paran bay p\u00e8misyon si yon j\u00e8n ki poko gen 18 an ap eseye f\u00e8 yon av\u00f2tman. \uff08<a href=\"https:\/\/www.reprolegalhelpline.org\/abortion-laws-by-state\/florida\/\">Wap jwenn plis enf\u00f2masyon sou lwa Florid yo isit la\u3002<\/a>) Pif\u00f2 j\u00e8n pain ak paran yo l\u00e8 yo bezwen yon av\u00f2tman \u2013 men genyen ladan yo ki pa kapab pou pw\u00f2p sekirite yo; et gen Lot ki Senpleman pa vle desevwa paran yo\u3002 Si w pa ka jwenn p\u00e8misyon paran w oswa mande paran w, ou ka f\u00e8 yon av\u00f2tman san okenn paran w pa enplike si w ale nan tribinal epi yo ba w yon \u201cegzansyon jidisy\u00e8\u201d\u3002 Sa a se yon egzansyon nan yon tribinal ki pral p\u00e8m\u00e8t ou kontinye ak yon av\u00f2tman san paran w yo pa patisipe.<\/span><\/p>\n<ul>\n<li><a href=\"https:\/\/floridareprofreedom.org\/zh\/%e5%8f%b8%e6%b3%95%e7%bb%95%e9%81%93\/egzansyon-jidisye-an-florid\/%e5%9f%ba%e8%90%a8%e5%9f%ba%e6%b0%b8%e5%9f%83%e8%b5%9e%e6%a3%ae%e5%90%89%e8%bf%aa%e8%b0%a2%c2%b7%e6%99%ae%e9%98%bf%e6%b2%83%e7%89%b9%e6%9b%bc\/\"><span style=\"font-weight: 400;\">Ki sa ki yon egzansyon jidisy\u00e8 pou av\u00f2tman\uff1f<\/span><\/a><\/li>\n<li><a href=\"https:\/\/floridareprofreedom.org\/zh\/%e5%8f%b8%e6%b3%95%e7%bb%95%e9%81%93\/egzansyon-jidisye-an-florid\/%e5%9f%ba%e7%a7%91%e7%89%b9%c2%b7%e6%99%ae%c2%b7%e5%a7%86%e6%96%87%c2%b7%e5%90%89%e6%96%87%c2%b7%e6%b0%b8%c2%b7%e5%9f%83%e8%b5%9e%e6%a3%ae%c2%b7%e5%90%89%e8%bf%aa%e6%96%af%e8%80%b6\/\"><span style=\"font-weight: 400;\">Ki kote mwen ka ale pou mwen jwenn yon egzansyon jidisy\u00e8\uff1f<\/span><\/a><\/li>\n<li><a href=\"https:\/\/floridareprofreedom.org\/zh\/%e5%8f%b8%e6%b3%95%e7%bb%95%e9%81%93\/egzansyon-jidisye-an-florid\/ki-fomile-mwen-bezwen\/\"><span style=\"font-weight: 400;\">Ki f\u00f2mile mwen bezwen?<\/span><\/a><\/li>\n<li><a href=\"https:\/\/floridareprofreedom.org\/zh\/%e5%8f%b8%e6%b3%95%e7%bb%95%e9%81%93\/egzansyon-jidisye-an-florid\/kisa-jij-la-pral-konsidere\/\"><span style=\"font-weight: 400;\">Ki sa Jij la pral konsidere?<\/span><\/a><\/li>\n<li><a href=\"https:\/\/floridareprofreedom.org\/zh\/%e5%8f%b8%e6%b3%95%e7%bb%95%e9%81%93\/egzansyon-jidisye-an-florid\/eske-mwen-bezwen-yon-avoka\/\"><span style=\"font-weight: 400;\">\u00c8ske mwen bezwen yon avoka?<\/span><\/a><\/li>\n<li><a href=\"https:\/\/floridareprofreedom.org\/zh\/%e5%8f%b8%e6%b3%95%e7%bb%95%e9%81%93\/egzansyon-jidisye-an-florid\/%e5%ad%94%e6%af%94%e6%81%a9%c2%b7%e5%9d%a6%c2%b7%e9%87%8c%c2%b7%e6%99%ae%e5%85%b0%c2%b7%e6%99%ae%c2%b7%e5%90%89%e6%96%87%c2%b7%e6%b0%b8%c2%b7%e5%9f%83%e8%b5%9e%e6%a3%ae%c2%b7%e5%90%89%e8%bf%aa\/\"><span style=\"font-weight: 400;\">Konbyen tan li pran pou w jwenn yon egzansyon jidisy\u00e8\uff1f<\/span><\/a><\/li>\n<li><a href=\"https:\/\/floridareprofreedom.org\/zh\/%e5%8f%b8%e6%b3%95%e7%bb%95%e9%81%93\/egzansyon-jidisye-an-florid\/eske-sa-koute-kob-pou-mwen-applike-pou-yon-egzansyon-jidisye\/\"><span style=\"font-weight: 400;\">\u00c8ske sa koute lajan pou jwenn yon egzansyon jidisy\u00e8\uff1f<\/span><\/a><\/li>\n<li><a href=\"https:\/\/floridareprofreedom.org\/zh\/%e5%8f%b8%e6%b3%95%e7%bb%95%e9%81%93\/egzansyon-jidisye-an-florid\/%e5%9f%83%e6%96%af%e5%85%8b%c2%b7%e7%a9%86%e6%81%a9%c2%b7%e9%98%bf%e6%99%ae%c2%b7%e7%a7%91%e5%8d%97%c2%b7%e5%a7%86%e6%96%87%c2%b7%e7%89%b9%c2%b7%e9%98%bf%e8%8e%b1%c2%b7%e5%8d%97%e9%83%a8%e8%90%bd\/\"><span style=\"font-weight: 400;\">\u00c8ske gen moun ki ap konnen si mwen jwenn yon egzansyon jidisy\u00e8 pou av\u00f2tman\uff1f<\/span><\/a><\/li>\n<li><a href=\"https:\/\/floridareprofreedom.org\/zh\/%e5%8f%b8%e6%b3%95%e7%bb%95%e9%81%93\/egzansyon-jidisye-an-florid\/ki-kalite-kesyon-jij-la-ap-poze-mwen\/\"><span style=\"font-weight: 400;\">Ki kalite kesyon Jij la ap poze mwen\uff1f<\/span><\/a><\/li>\n<li><a href=\"https:\/\/floridareprofreedom.org\/zh\/%e5%8f%b8%e6%b3%95%e7%bb%95%e9%81%93\/egzansyon-jidisye-an-florid\/%e5%9f%ba%e8%90%a8%c2%b7%e6%99%ae%c2%b7%e5%a7%86%e6%96%87%c2%b7%e6%a2%85%e7%89%b9%c2%b7%e6%99%ae%e5%a7%86%e6%96%87%c2%b7%e9%98%bf%e8%8e%b1%e5%8d%97%e6%b3%95%e5%ba%ad\/\"><span style=\"font-weight: 400;\">Ki rad pou mwen mete sou mwen nan tribinal la\uff1f<\/span><\/a><\/li>\n<li><a href=\"https:\/\/floridareprofreedom.org\/zh\/%e5%8f%b8%e6%b3%95%e7%bb%95%e9%81%93\/egzansyon-jidisye-an-florid\/jounen-lekol\/\"><span style=\"font-weight: 400;\">Kisa k ap pase si dat tribinal mwen an pwograme pandan yon jounen lek\u00f2l\uff1f<\/span><\/a><\/li>\n<li><a href=\"https:\/\/floridareprofreedom.org\/zh\/%e5%8f%b8%e6%b3%95%e7%bb%95%e9%81%93\/egzansyon-jidisye-an-florid\/%e5%9f%83%e6%96%af%e5%85%8b%c2%b7%e6%b4%9b%e7%89%b9%c2%b7%e8%92%99%c2%b7%e5%9f%ba%c2%b7%e6%81%a9%e6%99%ae%e5%88%a9%e5%85%8b%c2%b7%e5%8d%97%c2%b7%e6%a0%bc%e6%b2%83%e6%96%af%c2%b7%e5%a7%86%e6%96%87\/\"><span style=\"font-weight: 400;\">\u00c8ske l\u00f2t moun ki enplike nan gwos\u00e8s mwen an gen pou Pale sou chwa avotman m nan\uff1f<\/span><\/a><\/li>\n<li><a href=\"https:\/\/floridareprofreedom.org\/zh\/%e5%8f%b8%e6%b3%95%e7%bb%95%e9%81%93\/egzansyon-jidisye-an-florid\/%e8%a5%bf%e7%89%b9%e9%9f%a6%e6%81%a9%c2%b7%e9%98%bf%e6%a2%85%e9%87%8c%e8%82%af\/\"><span style=\"font-weight: 400;\">\u00c8ske mwen dwe yon sitwayen americen pou m f\u00e8 yon av\u00f2tman\uff1f E si mwen pa \u82cd\u767d\u89d2\u5ea6 byen\uff1f<\/span><\/a><\/li>\n<li><a href=\"https:\/\/floridareprofreedom.org\/zh\/%e5%8f%b8%e6%b3%95%e7%bb%95%e9%81%93\/egzansyon-jidisye-an-florid\/eske-mwen-ka-chanje-lide-m-apre-mwen-jwenn-egzansyon-a\/\"><span style=\"font-weight: 400;\">\u00c8ske mwen ka chanje lide apre\uff1f<\/span><\/a><\/li>\n<li><a href=\"https:\/\/floridareprofreedom.org\/zh\/%e5%8f%b8%e6%b3%95%e7%bb%95%e9%81%93\/egzansyon-jidisye-an-florid\/%e6%98%af%e7%9a%84\/\"><span style=\"font-weight: 400;\">E si Jij la refize demann mwen an\uff1f<\/span><\/a><\/li>\n<\/ul>\n<p><span style=\"font-weight: 400;\"><strong><br \/>\n\u7b80\u7684\u6b63\u5f53\u7a0b\u5e8f<\/strong> ap ofri enf\u00f2masyon ak sip\u00f2 youn-a-yonn pou nenp\u00f2t j\u00e8n k ap pase nan pwosesis egzansyon jidisy\u00e8 a.\u5982\u9700\u8054\u7cfb Jane \u7684\u6b63\u5f53\u7a0b\u5e8f\uff0c\u8bf7\u81f4\u7535 866-999-5263\u3002<\/span><\/p>\n<p><strong>\u00c8ske w ap ch\u00e8che enf\u00f2masyon pou egzansyon jidisy\u00e8 pou yon eta ki pa Florid\uff1f<br \/>\n<\/strong><span style=\"font-weight: 400;\">Tcheke sat ent\u00e8n\u00e8t patn\u00e8 nasyonal nou an\uff0c <a href=\"https:\/\/judicialbypasswiki.ifwhenhow.org\/\">\u5982\u679c\/\u4f55\u65f6\/\u5982\u4f55<\/a><\/span><span style=\"font-weight: 400;\">\uff0cpou \u00e8d\u3002<\/span><\/p>\n<p><img fetchpriority=\"high\" decoding=\"async\" class=\"alignnone wp-image-441\" src=\"https:\/\/floridareprofreedom.org\/wp-content\/uploads\/2019\/02\/acare-1-300x300.jpg\" alt=\"\" width=\"246\" height=\"246\" srcset=\"https:\/\/floridareprofreedom.org\/wp-content\/uploads\/2019\/02\/acare-1-300x300.jpg 300w, https:\/\/floridareprofreedom.org\/wp-content\/uploads\/2019\/02\/acare-1-150x150.jpg 150w, https:\/\/floridareprofreedom.org\/wp-content\/uploads\/2019\/02\/acare-1-768x768.jpg 768w, https:\/\/floridareprofreedom.org\/wp-content\/uploads\/2019\/02\/acare-1.jpg 800w\" sizes=\"(max-width: 246px) 100vw, 246px\" \/><\/p>","protected":false},"excerpt":{"rendered":"<p>\u27a1\ufe0fEnglish \u27a1\ufe0fEspa\u00f1ol F\u00e8 yon av\u00f2tman san paran w pa enplike.\u00a0 \u00a0 Eske w bezwen ed legal gratis pou w jwenn yon egzansyon jidisy\u00e8 an Florida? Kontakte Jane Network la nan imel info@janenetworkfl.org pou ed.\u00a0 Lalwa eta Florid la mande pou yon paran bay p\u00e8misyon si yon j\u00e8n ki poko gen 18 an ap eseye f\u00e8 [&hellip;]<\/p>\n","protected":false},"author":7,"featured_media":0,"parent":963,"menu_order":0,"comment_status":"closed","ping_status":"closed","template":"","meta":{"footnotes":""},"folder":[35],"class_list":["post-3142","page","type-page","status-publish","hentry"],"yoast_head":"<!-- This site is optimized with the Yoast SEO plugin v27.4 - https:\/\/yoast.com\/product\/yoast-seo-wordpress\/ -->\n<title>Egzansyon Jidisy\u00e8 an Florid - Floridians For Reproductive Freedom<\/title>\n<meta name=\"description\" content=\"Under 18 in Florida and need an abortion, but can&#039;t involve a parent? You can get an abortion without a parent involved if a judge allows it.\" \/>\n<meta name=\"robots\" content=\"index, follow, max-snippet:-1, max-image-preview:large, max-video-preview:-1\" \/>\n<link rel=\"canonical\" href=\"https:\/\/floridareprofreedom.org\/zh\/\u53f8\u6cd5\u7ed5\u9053\/egzansyon-jidisye-an-florid\/\" \/>\n<meta property=\"og:locale\" content=\"zh_CN\" \/>\n<meta property=\"og:type\" content=\"article\" \/>\n<meta property=\"og:title\" content=\"Egzansyon Jidisy\u00e8 an Florid - Floridians For Reproductive Freedom\" \/>\n<meta property=\"og:description\" content=\"Under 18 in Florida and need an abortion, but can&#039;t involve a parent? You can get an abortion without a parent involved if a judge allows it.\" \/>\n<meta property=\"og:url\" content=\"https:\/\/floridareprofreedom.org\/zh\/\u53f8\u6cd5\u7ed5\u9053\/egzansyon-jidisye-an-florid\/\" \/>\n<meta property=\"og:site_name\" content=\"Floridians For Reproductive Freedom\" \/>\n<meta property=\"article:publisher\" content=\"https:\/\/www.facebook.com\/FloridaReproFreedom\/\" \/>\n<meta property=\"article:modified_time\" content=\"2024-01-02T23:24:24+00:00\" \/>\n<meta property=\"og:image\" content=\"https:\/\/floridareprofreedom.org\/wp-content\/uploads\/2019\/02\/acare-1-300x300.jpg\" \/>\n<meta name=\"twitter:card\" content=\"summary_large_image\" \/>\n<meta name=\"twitter:site\" content=\"@FLReproFreedom\" \/>\n<meta name=\"twitter:label1\" content=\"\u9884\u8ba1\u9605\u8bfb\u65f6\u95f4\" \/>\n\t<meta name=\"twitter:data1\" content=\"2 \u5206\" \/>\n<script type=\"application\/ld+json\" class=\"yoast-schema-graph\">{\"@context\":\"https:\\\/\\\/schema.org\",\"@graph\":[{\"@type\":\"WebPage\",\"@id\":\"https:\\\/\\\/floridareprofreedom.org\\\/judicialbypass\\\/egzansyon-jidisye-an-florid\\\/\",\"url\":\"https:\\\/\\\/floridareprofreedom.org\\\/judicialbypass\\\/egzansyon-jidisye-an-florid\\\/\",\"name\":\"Egzansyon Jidisy\u00e8 an Florid - Floridians For Reproductive Freedom\",\"isPartOf\":{\"@id\":\"https:\\\/\\\/floridareprofreedom.org\\\/#website\"},\"primaryImageOfPage\":{\"@id\":\"https:\\\/\\\/floridareprofreedom.org\\\/judicialbypass\\\/egzansyon-jidisye-an-florid\\\/#primaryimage\"},\"image\":{\"@id\":\"https:\\\/\\\/floridareprofreedom.org\\\/judicialbypass\\\/egzansyon-jidisye-an-florid\\\/#primaryimage\"},\"thumbnailUrl\":\"https:\\\/\\\/floridareprofreedom.org\\\/wp-content\\\/uploads\\\/2019\\\/02\\\/acare-1-300x300.jpg\",\"datePublished\":\"2023-12-14T16:37:40+00:00\",\"dateModified\":\"2024-01-02T23:24:24+00:00\",\"description\":\"Under 18 in Florida and need an abortion, but can't involve a parent? You can get an abortion without a parent involved if a judge allows it.\",\"breadcrumb\":{\"@id\":\"https:\\\/\\\/floridareprofreedom.org\\\/judicialbypass\\\/egzansyon-jidisye-an-florid\\\/#breadcrumb\"},\"inLanguage\":\"zh-Hans\",\"potentialAction\":[{\"@type\":\"ReadAction\",\"target\":[\"https:\\\/\\\/floridareprofreedom.org\\\/judicialbypass\\\/egzansyon-jidisye-an-florid\\\/\"]}]},{\"@type\":\"ImageObject\",\"inLanguage\":\"zh-Hans\",\"@id\":\"https:\\\/\\\/floridareprofreedom.org\\\/judicialbypass\\\/egzansyon-jidisye-an-florid\\\/#primaryimage\",\"url\":\"https:\\\/\\\/floridareprofreedom.org\\\/wp-content\\\/uploads\\\/2019\\\/02\\\/acare-1-300x300.jpg\",\"contentUrl\":\"https:\\\/\\\/floridareprofreedom.org\\\/wp-content\\\/uploads\\\/2019\\\/02\\\/acare-1-300x300.jpg\"},{\"@type\":\"BreadcrumbList\",\"@id\":\"https:\\\/\\\/floridareprofreedom.org\\\/judicialbypass\\\/egzansyon-jidisye-an-florid\\\/#breadcrumb\",\"itemListElement\":[{\"@type\":\"ListItem\",\"position\":1,\"name\":\"Home\",\"item\":\"https:\\\/\\\/floridareprofreedom.org\\\/\"},{\"@type\":\"ListItem\",\"position\":2,\"name\":\"Judicial Bypass in Florida\",\"item\":\"https:\\\/\\\/floridareprofreedom.org\\\/judicialbypass\\\/\"},{\"@type\":\"ListItem\",\"position\":3,\"name\":\"Egzansyon Jidisy\u00e8 an Florid\"}]},{\"@type\":\"WebSite\",\"@id\":\"https:\\\/\\\/floridareprofreedom.org\\\/#website\",\"url\":\"https:\\\/\\\/floridareprofreedom.org\\\/\",\"name\":\"Floridians For Reproductive Freedom\",\"description\":\"Advocating for convenient, affordable, and safe access to reproductive health care, including abortion.\",\"publisher\":{\"@id\":\"https:\\\/\\\/floridareprofreedom.org\\\/#organization\"},\"potentialAction\":[{\"@type\":\"SearchAction\",\"target\":{\"@type\":\"EntryPoint\",\"urlTemplate\":\"https:\\\/\\\/floridareprofreedom.org\\\/?s={search_term_string}\"},\"query-input\":{\"@type\":\"PropertyValueSpecification\",\"valueRequired\":true,\"valueName\":\"search_term_string\"}}],\"inLanguage\":\"zh-Hans\"},{\"@type\":\"Organization\",\"@id\":\"https:\\\/\\\/floridareprofreedom.org\\\/#organization\",\"name\":\"Floridians for Reproductive Freedom\",\"url\":\"https:\\\/\\\/floridareprofreedom.org\\\/\",\"logo\":{\"@type\":\"ImageObject\",\"inLanguage\":\"zh-Hans\",\"@id\":\"https:\\\/\\\/floridareprofreedom.org\\\/#\\\/schema\\\/logo\\\/image\\\/\",\"url\":\"https:\\\/\\\/floridareprofreedom.org\\\/wp-content\\\/uploads\\\/2019\\\/05\\\/Untitled.jpg\",\"contentUrl\":\"https:\\\/\\\/floridareprofreedom.org\\\/wp-content\\\/uploads\\\/2019\\\/05\\\/Untitled.jpg\",\"width\":174,\"height\":180,\"caption\":\"Floridians for Reproductive Freedom\"},\"image\":{\"@id\":\"https:\\\/\\\/floridareprofreedom.org\\\/#\\\/schema\\\/logo\\\/image\\\/\"},\"sameAs\":[\"https:\\\/\\\/www.facebook.com\\\/FloridaReproFreedom\\\/\",\"https:\\\/\\\/x.com\\\/FLReproFreedom\",\"https:\\\/\\\/www.instagram.com\\\/floridareprofreedom\\\/\"]}]}<\/script>\n<!-- \/ Yoast SEO plugin. -->","yoast_head_json":{"title":"Egzansyon Jidisy\u00e8 an Florid - \u4f5b\u7f57\u91cc\u8fbe\u4eba\u4e89\u53d6\u751f\u6b96\u81ea\u7531","description":"\u5728\u4f5b\u7f57\u91cc\u8fbe\u5dde\uff0c\u672a\u6ee118\u5c81\u9700\u8981\u5815\u80ce\uff0c\u4f46\u65e0\u6cd5\u8ba9\u7236\u6bcd\u53c2\u4e0e\uff1f\u5982\u679c\u6cd5\u5b98\u5141\u8bb8\uff0c\u4f60\u53ef\u4ee5\u5728\u6ca1\u6709\u7236\u6bcd\u53c2\u4e0e\u7684\u60c5\u51b5\u4e0b\u8fdb\u884c\u5815\u80ce\u3002","robots":{"index":"index","follow":"follow","max-snippet":"max-snippet:-1","max-image-preview":"max-image-preview:large","max-video-preview":"max-video-preview:-1"},"canonical":"https:\/\/floridareprofreedom.org\/zh\/\u53f8\u6cd5\u7ed5\u9053\/egzansyon-jidisye-an-florid\/","og_locale":"zh_CN","og_type":"article","og_title":"Egzansyon Jidisy\u00e8 an Florid - Floridians For Reproductive Freedom","og_description":"Under 18 in Florida and need an abortion, but can't involve a parent? You can get an abortion without a parent involved if a judge allows it.","og_url":"https:\/\/floridareprofreedom.org\/zh\/\u53f8\u6cd5\u7ed5\u9053\/egzansyon-jidisye-an-florid\/","og_site_name":"Floridians For Reproductive Freedom","article_publisher":"https:\/\/www.facebook.com\/FloridaReproFreedom\/","article_modified_time":"2024-01-02T23:24:24+00:00","og_image":[{"url":"https:\/\/floridareprofreedom.org\/wp-content\/uploads\/2019\/02\/acare-1-300x300.jpg","type":"","width":"","height":""}],"twitter_card":"summary_large_image","twitter_site":"@FLReproFreedom","twitter_misc":{"\u9884\u8ba1\u9605\u8bfb\u65f6\u95f4":"2 \u5206"},"schema":{"@context":"https:\/\/schema.org","@graph":[{"@type":"WebPage","@id":"https:\/\/floridareprofreedom.org\/judicialbypass\/egzansyon-jidisye-an-florid\/","url":"https:\/\/floridareprofreedom.org\/judicialbypass\/egzansyon-jidisye-an-florid\/","name":"Egzansyon Jidisy\u00e8 an Florid - \u4f5b\u7f57\u91cc\u8fbe\u4eba\u4e89\u53d6\u751f\u6b96\u81ea\u7531","isPartOf":{"@id":"https:\/\/floridareprofreedom.org\/#website"},"primaryImageOfPage":{"@id":"https:\/\/floridareprofreedom.org\/judicialbypass\/egzansyon-jidisye-an-florid\/#primaryimage"},"image":{"@id":"https:\/\/floridareprofreedom.org\/judicialbypass\/egzansyon-jidisye-an-florid\/#primaryimage"},"thumbnailUrl":"https:\/\/floridareprofreedom.org\/wp-content\/uploads\/2019\/02\/acare-1-300x300.jpg","datePublished":"2023-12-14T16:37:40+00:00","dateModified":"2024-01-02T23:24:24+00:00","description":"\u5728\u4f5b\u7f57\u91cc\u8fbe\u5dde\uff0c\u672a\u6ee118\u5c81\u9700\u8981\u5815\u80ce\uff0c\u4f46\u65e0\u6cd5\u8ba9\u7236\u6bcd\u53c2\u4e0e\uff1f\u5982\u679c\u6cd5\u5b98\u5141\u8bb8\uff0c\u4f60\u53ef\u4ee5\u5728\u6ca1\u6709\u7236\u6bcd\u53c2\u4e0e\u7684\u60c5\u51b5\u4e0b\u8fdb\u884c\u5815\u80ce\u3002","breadcrumb":{"@id":"https:\/\/floridareprofreedom.org\/judicialbypass\/egzansyon-jidisye-an-florid\/#breadcrumb"},"inLanguage":"zh-Hans","potentialAction":[{"@type":"ReadAction","target":["https:\/\/floridareprofreedom.org\/judicialbypass\/egzansyon-jidisye-an-florid\/"]}]},{"@type":"ImageObject","inLanguage":"zh-Hans","@id":"https:\/\/floridareprofreedom.org\/judicialbypass\/egzansyon-jidisye-an-florid\/#primaryimage","url":"https:\/\/floridareprofreedom.org\/wp-content\/uploads\/2019\/02\/acare-1-300x300.jpg","contentUrl":"https:\/\/floridareprofreedom.org\/wp-content\/uploads\/2019\/02\/acare-1-300x300.jpg"},{"@type":"BreadcrumbList","@id":"https:\/\/floridareprofreedom.org\/judicialbypass\/egzansyon-jidisye-an-florid\/#breadcrumb","itemListElement":[{"@type":"ListItem","position":1,"name":"Home","item":"https:\/\/floridareprofreedom.org\/"},{"@type":"ListItem","position":2,"name":"Judicial Bypass in Florida","item":"https:\/\/floridareprofreedom.org\/judicialbypass\/"},{"@type":"ListItem","position":3,"name":"Egzansyon Jidisy\u00e8 an Florid"}]},{"@type":"WebSite","@id":"https:\/\/floridareprofreedom.org\/#website","url":"https:\/\/floridareprofreedom.org\/","name":"\u4f5b\u7f57\u91cc\u8fbe\u5dde\u751f\u6b96\u81ea\u7531\u534f\u4f1a","description":"\u5021\u5bfc\u63d0\u4f9b\u4fbf\u6377\u3001\u7ecf\u6d4e\u3001\u5b89\u5168\u7684\u751f\u6b96\u5065\u5eb7\u670d\u52a1\uff0c\u5305\u62ec\u5815\u80ce\u3002","publisher":{"@id":"https:\/\/floridareprofreedom.org\/#organization"},"potentialAction":[{"@type":"SearchAction","target":{"@type":"EntryPoint","urlTemplate":"https:\/\/floridareprofreedom.org\/?s={search_term_string}"},"query-input":{"@type":"PropertyValueSpecification","valueRequired":true,"valueName":"search_term_string"}}],"inLanguage":"zh-Hans"},{"@type":"Organization","@id":"https:\/\/floridareprofreedom.org\/#organization","name":"\u4f5b\u7f57\u91cc\u8fbe\u5dde\u751f\u6b96\u81ea\u7531\u534f\u4f1a","url":"https:\/\/floridareprofreedom.org\/","logo":{"@type":"ImageObject","inLanguage":"zh-Hans","@id":"https:\/\/floridareprofreedom.org\/#\/schema\/logo\/image\/","url":"https:\/\/floridareprofreedom.org\/wp-content\/uploads\/2019\/05\/Untitled.jpg","contentUrl":"https:\/\/floridareprofreedom.org\/wp-content\/uploads\/2019\/05\/Untitled.jpg","width":174,"height":180,"caption":"Floridians for Reproductive Freedom"},"image":{"@id":"https:\/\/floridareprofreedom.org\/#\/schema\/logo\/image\/"},"sameAs":["https:\/\/www.facebook.com\/FloridaReproFreedom\/","https:\/\/x.com\/FLReproFreedom","https:\/\/www.instagram.com\/floridareprofreedom\/"]}]}},"_links":{"self":[{"href":"https:\/\/floridareprofreedom.org\/zh\/wp-json\/wp\/v2\/pages\/3142","targetHints":{"allow":["GET"]}}],"collection":[{"href":"https:\/\/floridareprofreedom.org\/zh\/wp-json\/wp\/v2\/pages"}],"about":[{"href":"https:\/\/floridareprofreedom.org\/zh\/wp-json\/wp\/v2\/types\/page"}],"author":[{"embeddable":true,"href":"https:\/\/floridareprofreedom.org\/zh\/wp-json\/wp\/v2\/users\/7"}],"replies":[{"embeddable":true,"href":"https:\/\/floridareprofreedom.org\/zh\/wp-json\/wp\/v2\/comments?post=3142"}],"version-history":[{"count":8,"href":"https:\/\/floridareprofreedom.org\/zh\/wp-json\/wp\/v2\/pages\/3142\/revisions"}],"predecessor-version":[{"id":3204,"href":"https:\/\/floridareprofreedom.org\/zh\/wp-json\/wp\/v2\/pages\/3142\/revisions\/3204"}],"up":[{"embeddable":true,"href":"https:\/\/floridareprofreedom.org\/zh\/wp-json\/wp\/v2\/pages\/963"}],"wp:attachment":[{"href":"https:\/\/floridareprofreedom.org\/zh\/wp-json\/wp\/v2\/media?parent=3142"}],"wp:term":[{"taxonomy":"folder","embeddable":true,"href":"https:\/\/floridareprofreedom.org\/zh\/wp-json\/wp\/v2\/folder?post=3142"}],"curies":[{"name":"wp","href":"https:\/\/api.w.org\/{rel}","templated":true}]}}