{"id":3165,"date":"2024-01-02T22:09:04","date_gmt":"2024-01-02T22:09:04","guid":{"rendered":"https:\/\/floridareprofreedom.org\/?page_id=3165"},"modified":"2024-01-02T22:23:58","modified_gmt":"2024-01-02T22:23:58","slug":"%e5%9f%ba%e8%90%a8%e5%9f%ba%e6%b0%b8%e5%9f%83%e8%b5%9e%e6%a3%ae%e5%90%89%e8%bf%aa%e8%b0%a2%c2%b7%e6%99%ae%e9%98%bf%e6%b2%83%e7%89%b9%e6%9b%bc","status":"publish","type":"page","link":"https:\/\/floridareprofreedom.org\/zh\/judicialbypass\/egzansyon-jidisye-an-florid\/ki-sa-ki-yon-egzansyon-jidisye-pou-avotman\/","title":{"rendered":"Ki sa ki yon egzansyon jidisy\u00e8 pou av\u00f2tman\uff1f"},"content":{"rendered":"<p><span style=\"font-weight: 400;\">L\u00e8 yon j\u00e8n nan Florid pa ka fade ak fanmi l sou desizyon av\u00f2tman l, li gen opsyon pou li fe demann pou yonegzansyon jidisy\u00e8, ki rele tou yon egzansyon jidisy\u00e8 oswa yon\u201cl\u00f2d\u201d\u3002 <strong>\u5982\u679c\u60a8\u5728\u7b2c 18 \u4ee3\u6e38\u620f\u4e2d\u4f7f\u7528\u4e86 jidisy\u00e8 bay \u7684\u4ea7\u54c1\uff0c\u5219\u53ef\u4ee5\u4f7f\u7528\u8be5\u4ea7\u54c1\u3002<\/strong><\/span><\/p>\n<p><span style=\"font-weight: 400;\">Pou jwenn yon egzansyon jidisy\u00e8, ou dwe aplike an p\u00e8s\u00f2n nan yon yon yon tribinal. Pif\u00f2 moun ale nan tribinal nan pw\u00f2p zon yo, men si w gen enkyetid pou enfomasyon w ret prive, ou ka ale nan yon tribinal nan yon l\u00f2t zon, men li dwe nan <strong>\u897f\u514b\u7ef4<\/strong> \u79d1\u7279\u74e6\u963f\u666e\u7ef4\u592b\u62c9Zon Florid yo gwoupe ansanm pou f\u00f2me <strong>20 \u897f\u514b\u7ef4<\/strong>, wap jwenn zon ou sou kat la oswa lis ki paret anba a pou det\u00e8mine nan ki sikwi w ap viv\u3002<\/span><\/p>\n<p><span style=\"font-weight: 400;\">Detay sou ki kote pou ale ak moun pou papale avek yo nan chak zon ak lokal ki disponib pou fe demann nan, ap nan lis nan tablo ki anba paj la\u3002 <strong>L\u00e8 w ap aplike pou yon egzansyon jidisy\u00e8<\/strong>, konsidere kontakte grefye tribinal la davans pou verifye ki kote pou w ale ak sa pou w f\u00e8 pou k\u00f2manse\u3002 Gen k\u00e8k differans nan chak zon\u3002 Konfime l\u00e8 operasyon yo\uff0clokal yo ak pakin yo\u3002<\/span><\/p>\n<p><span style=\"font-weight: 400;\"><strong>Gen 2 f\u00f2mile ki dwe ranpli.<\/strong> Nan k\u00e8k zon, yon grefye ap ba w f\u00f2mile yo pou w ranpli poukont ou, nan l\u00f2t zon yon grefye ap ede w ranpli f\u00f2m yo, al\u00f2ske nan l\u00f2t lokal ap gen yon avoka ki nonmen nan tribinal la pou ede w oswa menm f\u00e8 li sou non w apre yo fin pap\u963f\u7ef4\u514b\u6b27\u3002 Gade tablo ki anba a pou konnen kijan yo aksepte f\u00f2mile yo nan zon wa p viv la\u3002\u00a0<\/span><\/p>\n<p><span style=\"font-weight: 400;\"><strong>\u201cDeklarasyon S\u00e8man sou Vr\u00e8 Non w ak Psedonim\u201d<\/strong> \u2013 Dokiman sa a asire w ke p\u00e8sonn pa p konnen si w ale nan Tribinal pou w jwenn egzansyon sa a.\u5982\u679c\u60a8\u5728\u6cd5\u5ead\u4e0a\u4f7f\u7528\u8be5\u8bbe\u5907\uff0c\u8bf7\u4e0d\u8981\u4f7f\u7528\u8be5\u8bbe\u5907\u3002 Yon fwa fom sa a ranpli Tribinal la pral itilize inisyal oswa psedonim ke ou te chwazi yo\u3002 Li pwoteje dwa w pou w f\u00e8 av\u00f2tman san paran w oswa gadien w pa konnen\u3002<\/span><\/p>\n<p><span style=\"font-weight: 400;\"><strong>\u201cPetisyon egzansyon Jidisy\u00e8\u201d<\/strong> \u2013 Papye sa a se yon demann pou Jij la\u3002 Ou ka chwazi pou w ekri pw\u00f2p petisyon w epi pote l av\u00e8k ou, oswa ou ka ranpli f\u00f2m sa a. Petisyon ou ta dwe genyen ladan l:<\/span><\/p>\n<ol>\n<li style=\"list-style-type: none;\">\n<ol>\n<li><span style=\"font-weight: 400;\"> ou gen ase matirite pou w deside poukont ou si w ap f\u00e8 yon av\u00f2tman;<\/span><\/li>\n<li><span style=\"font-weight: 400;\"> ou se yon viktim abi sou timoun oswa abi seksy\u00e8l nan men paran w oswa Gadyen w\uff1b\u5965\u65af\u74e6<\/span><\/li>\n<li><span style=\"font-weight: 400;\"> \u8bf7\u901a\u77e5\u60a8\u6709\u5173\u5e15\u5170\u5965\u65af\u74e6\u52a0\u8fea\u6069\u6cd5\u5f8b\u6216 li pa ta p nan pi bon Enter\u00e8 ou \u7684\u60c5\u51b5\u3002<\/span>\n<ol>\n<li style=\"font-weight: 400;\" aria-level=\"1\"><span style=\"font-weight: 400;\">Psedonim ou oswa inisyal ou (k\u00e8lkeswa sa w chwazi pou w itilize sou Deklarasyon S\u00e8man Vr\u00e8 Non ak Psedonim ou)<\/span><\/li>\n<li style=\"font-weight: 400;\" aria-level=\"1\"><span style=\"font-weight: 400;\">Laj ou<\/span><\/li>\n<li style=\"font-weight: 400;\" aria-level=\"1\"><span style=\"font-weight: 400;\">\u4f60\u5c06\u542c\u5230\u6211\u7684\u58f0\u97f3\uff0c\u5e76\u542c\u5230\u6211\u7684\u58f0\u97f3\u3002<\/span><\/li>\n<li style=\"font-weight: 400;\" aria-level=\"1\"><span style=\"font-weight: 400;\">Yon deklarasyon ke ou vle mete fen nan gwos\u00e8s ou (f\u00e8 yon av\u00f2tman) san w pa di paran w oswa gadyen legal ou<\/span><\/li>\n<li style=\"font-weight: 400;\" aria-level=\"1\"><span style=\"font-weight: 400;\">Yon eksplikasyon sou rezon ou vle mete fen nan gwos\u00e8s ou. Gen twa fason ou ka jwenn yon egzansyon jidisy\u00e8 nan men jij la\u3002 Ou dwe pwouve omwen youn nan twa rezon sa yo\u3002 Si plis pase youn aplike pou ou, ou ta eksplike chak rezon ki aplike\u3002 Twa rezon yo se\uff1a\u00a0<\/span>\n<ol>\n<li aria-level=\"1\"><span style=\"font-weight: 400;\">\u00a0ou gen ase matirite pou w deside poukont ou si w ap f\u00e8 yon av\u00f2tman;<\/span><\/li>\n<li aria-level=\"1\"><span style=\"font-weight: 400;\">ou se yon viktim abi sou timoun oswa abi seksy\u00e8l nan men paran w oswa Gadyen w\uff1b\u5965\u65af\u74e6<\/span><\/li>\n<li><span style=\"font-weight: 400;\"> \u8bf7\u901a\u77e5\u60a8\u6709\u5173\u5e15\u5170\u5965\u65af\u74e6\u52a0\u8fea\u6069\u6cd5\u5f8b\u6216 li pa ta p nan pi bon Enter\u00e8 ou \u7684\u60c5\u51b5\u3002<\/span><\/li>\n<\/ol>\n<\/li>\n<\/ol>\n<\/li>\n<\/ol>\n<\/li>\n<\/ol>\n<p><span style=\"font-weight: 400;\">\u5728\u5b8c\u6210\u4e09\u65b9\u8054\u7cfb\u540e\uff0c\u60a8\u53ef\u4ee5\u5728 reyinyon prive kote \u4e0a\u4f7f\u7528 pwograme w ap ak yon Jij sou rezon ki f\u00e8 w gen matirite oswa ou byen enf\u00f2me pou w planifye avotman pa w\u3002 Pou plis enf\u00f2masyon detaye sou sa Jij la ap eseye ch\u00e8che konnen, gade nan pwochen paj \u201cKisa jij la pral konsidere?\u201d<\/span><\/p>\n<p><span style=\"font-weight: 400;\">** Si w ap konsidere pap ak paran w sou desizyon w epi w bezwen \u00e8d pou w reflechi sou fason pou w papale sou sa, ou ka jwenn kons\u00e8y nan patn\u00e8 nou an, <a href=\"https:\/\/janesdueprocess.org\/blog\/talking-to-parents-about-abortion\/\">Jane \u7684\u6b63\u5f53\u7a0b\u5e8f\u535a\u5ba2 sa a<\/a>.<\/span><\/p>\n<p><img fetchpriority=\"high\" decoding=\"async\" class=\"alignnone size-full wp-image-1001\" src=\"https:\/\/floridareprofreedom.org\/wp-content\/uploads\/2020\/05\/flcircuitmap.jpeg\" alt=\"\" width=\"465\" height=\"390\" srcset=\"https:\/\/floridareprofreedom.org\/wp-content\/uploads\/2020\/05\/flcircuitmap.jpeg 465w, https:\/\/floridareprofreedom.org\/wp-content\/uploads\/2020\/05\/flcircuitmap-300x252.jpeg 300w\" sizes=\"(max-width: 465px) 100vw, 465px\" \/><\/p>\n<p><iframe src=\"https:\/\/docs.google.com\/spreadsheets\/d\/e\/2PACX-1vQB6krgtRma-96mkc9NufqrFn2t3gYItPYTXhaTc_euzRTZEXyRs9x90T-YutHr6CS_eNVijuyheuHR\/pubhtml?gid=1415876535&amp;single=true&amp;widget=true&amp;headers=false\" width=\"850\" height=\"1200\"><\/iframe><\/p>","protected":false},"excerpt":{"rendered":"<p>L\u00e8 yon j\u00e8n nan Florid pa ka pale ak fanmi l sou desizyon av\u00f2tman l, li gen opsyon pou li fe demann pou yon egzansyon jidisy\u00e8, ki rele tou yon egzansyon jidisy\u00e8 oswa yon &#8220;l\u00f2d&#8221;. Yon egzansyon jidisy\u00e8 bay j\u00e8n ki poko gen 18 an p\u00e8misyon pou yo f\u00e8 yon av\u00f2tman san patisipasyon paran yo. [&hellip;]<\/p>\n","protected":false},"author":7,"featured_media":0,"parent":3142,"menu_order":0,"comment_status":"closed","ping_status":"closed","template":"","meta":{"footnotes":""},"folder":[35],"class_list":["post-3165","page","type-page","status-publish","hentry"],"yoast_head":"<!-- This site is optimized with the Yoast SEO plugin v27.3 - https:\/\/yoast.com\/product\/yoast-seo-wordpress\/ -->\n<title>Ki sa ki yon egzansyon jidisy\u00e8 pou av\u00f2tman? - Floridians For Reproductive Freedom<\/title>\n<meta name=\"description\" content=\"Si w pa ka jwenn p\u00e8misyon paran w oswa mande paran w, ou ka f\u00e8 yon av\u00f2tman san okenn paran w pa enplike si w ale nan tribinal epi yo ba w yon \u201cegzansyon jidisy\u00e8\u201d.\" \/>\n<meta name=\"robots\" content=\"index, follow, max-snippet:-1, max-image-preview:large, max-video-preview:-1\" \/>\n<link rel=\"canonical\" href=\"https:\/\/floridareprofreedom.org\/zh\/\u53f8\u6cd5\u7ed5\u9053\/egzansyon-jidisye-an-florid\/\u57fa\u8428\u57fa\u6c38\u57c3\u8d5e\u68ee\u5409\u8fea\u8c22\u00b7\u666e\u963f\u6c83\u7279\u66fc\/\" \/>\n<meta property=\"og:locale\" content=\"zh_CN\" \/>\n<meta property=\"og:type\" content=\"article\" \/>\n<meta property=\"og:title\" content=\"Ki sa ki yon egzansyon jidisy\u00e8 pou av\u00f2tman? - Floridians For Reproductive Freedom\" \/>\n<meta property=\"og:description\" content=\"Si w pa ka jwenn p\u00e8misyon paran w oswa mande paran w, ou ka f\u00e8 yon av\u00f2tman san okenn paran w pa enplike si w ale nan tribinal epi yo ba w yon \u201cegzansyon jidisy\u00e8\u201d.\" \/>\n<meta property=\"og:url\" content=\"https:\/\/floridareprofreedom.org\/zh\/\u53f8\u6cd5\u7ed5\u9053\/egzansyon-jidisye-an-florid\/\u57fa\u8428\u57fa\u6c38\u57c3\u8d5e\u68ee\u5409\u8fea\u8c22\u00b7\u666e\u963f\u6c83\u7279\u66fc\/\" \/>\n<meta property=\"og:site_name\" content=\"Floridians For Reproductive Freedom\" \/>\n<meta property=\"article:publisher\" content=\"https:\/\/www.facebook.com\/FloridaReproFreedom\/\" \/>\n<meta property=\"article:modified_time\" content=\"2024-01-02T22:23:58+00:00\" \/>\n<meta property=\"og:image\" content=\"https:\/\/floridareprofreedom.org\/wp-content\/uploads\/2020\/05\/flcircuitmap.jpeg\" \/>\n<meta name=\"twitter:card\" content=\"summary_large_image\" \/>\n<meta name=\"twitter:site\" content=\"@FLReproFreedom\" \/>\n<meta name=\"twitter:label1\" content=\"\u9884\u8ba1\u9605\u8bfb\u65f6\u95f4\" \/>\n\t<meta name=\"twitter:data1\" content=\"4 \u5206\" \/>\n<script type=\"application\/ld+json\" class=\"yoast-schema-graph\">{\"@context\":\"https:\\\/\\\/schema.org\",\"@graph\":[{\"@type\":\"WebPage\",\"@id\":\"https:\\\/\\\/floridareprofreedom.org\\\/judicialbypass\\\/egzansyon-jidisye-an-florid\\\/ki-sa-ki-yon-egzansyon-jidisye-pou-avotman\\\/\",\"url\":\"https:\\\/\\\/floridareprofreedom.org\\\/judicialbypass\\\/egzansyon-jidisye-an-florid\\\/ki-sa-ki-yon-egzansyon-jidisye-pou-avotman\\\/\",\"name\":\"Ki sa ki yon egzansyon jidisy\u00e8 pou av\u00f2tman? - Floridians For Reproductive Freedom\",\"isPartOf\":{\"@id\":\"https:\\\/\\\/floridareprofreedom.org\\\/#website\"},\"primaryImageOfPage\":{\"@id\":\"https:\\\/\\\/floridareprofreedom.org\\\/judicialbypass\\\/egzansyon-jidisye-an-florid\\\/ki-sa-ki-yon-egzansyon-jidisye-pou-avotman\\\/#primaryimage\"},\"image\":{\"@id\":\"https:\\\/\\\/floridareprofreedom.org\\\/judicialbypass\\\/egzansyon-jidisye-an-florid\\\/ki-sa-ki-yon-egzansyon-jidisye-pou-avotman\\\/#primaryimage\"},\"thumbnailUrl\":\"https:\\\/\\\/floridareprofreedom.org\\\/wp-content\\\/uploads\\\/2020\\\/05\\\/flcircuitmap.jpeg\",\"datePublished\":\"2024-01-02T22:09:04+00:00\",\"dateModified\":\"2024-01-02T22:23:58+00:00\",\"description\":\"Si w pa ka jwenn p\u00e8misyon paran w oswa mande paran w, ou ka f\u00e8 yon av\u00f2tman san okenn paran w pa enplike si w ale nan tribinal epi yo ba w yon \u201cegzansyon jidisy\u00e8\u201d.\",\"breadcrumb\":{\"@id\":\"https:\\\/\\\/floridareprofreedom.org\\\/judicialbypass\\\/egzansyon-jidisye-an-florid\\\/ki-sa-ki-yon-egzansyon-jidisye-pou-avotman\\\/#breadcrumb\"},\"inLanguage\":\"zh-Hans\",\"potentialAction\":[{\"@type\":\"ReadAction\",\"target\":[\"https:\\\/\\\/floridareprofreedom.org\\\/judicialbypass\\\/egzansyon-jidisye-an-florid\\\/ki-sa-ki-yon-egzansyon-jidisye-pou-avotman\\\/\"]}]},{\"@type\":\"ImageObject\",\"inLanguage\":\"zh-Hans\",\"@id\":\"https:\\\/\\\/floridareprofreedom.org\\\/judicialbypass\\\/egzansyon-jidisye-an-florid\\\/ki-sa-ki-yon-egzansyon-jidisye-pou-avotman\\\/#primaryimage\",\"url\":\"https:\\\/\\\/floridareprofreedom.org\\\/wp-content\\\/uploads\\\/2020\\\/05\\\/flcircuitmap.jpeg\",\"contentUrl\":\"https:\\\/\\\/floridareprofreedom.org\\\/wp-content\\\/uploads\\\/2020\\\/05\\\/flcircuitmap.jpeg\"},{\"@type\":\"BreadcrumbList\",\"@id\":\"https:\\\/\\\/floridareprofreedom.org\\\/judicialbypass\\\/egzansyon-jidisye-an-florid\\\/ki-sa-ki-yon-egzansyon-jidisye-pou-avotman\\\/#breadcrumb\",\"itemListElement\":[{\"@type\":\"ListItem\",\"position\":1,\"name\":\"Home\",\"item\":\"https:\\\/\\\/floridareprofreedom.org\\\/\"},{\"@type\":\"ListItem\",\"position\":2,\"name\":\"Judicial Bypass in Florida\",\"item\":\"https:\\\/\\\/floridareprofreedom.org\\\/judicialbypass\\\/\"},{\"@type\":\"ListItem\",\"position\":3,\"name\":\"Egzansyon Jidisy\u00e8 an Florid\",\"item\":\"https:\\\/\\\/floridareprofreedom.org\\\/judicialbypass\\\/egzansyon-jidisye-an-florid\\\/\"},{\"@type\":\"ListItem\",\"position\":4,\"name\":\"Ki sa ki yon egzansyon jidisy\u00e8 pou av\u00f2tman?\"}]},{\"@type\":\"WebSite\",\"@id\":\"https:\\\/\\\/floridareprofreedom.org\\\/#website\",\"url\":\"https:\\\/\\\/floridareprofreedom.org\\\/\",\"name\":\"Floridians For Reproductive Freedom\",\"description\":\"Advocating for convenient, affordable, and safe access to reproductive health care, including abortion.\",\"publisher\":{\"@id\":\"https:\\\/\\\/floridareprofreedom.org\\\/#organization\"},\"potentialAction\":[{\"@type\":\"SearchAction\",\"target\":{\"@type\":\"EntryPoint\",\"urlTemplate\":\"https:\\\/\\\/floridareprofreedom.org\\\/?s={search_term_string}\"},\"query-input\":{\"@type\":\"PropertyValueSpecification\",\"valueRequired\":true,\"valueName\":\"search_term_string\"}}],\"inLanguage\":\"zh-Hans\"},{\"@type\":\"Organization\",\"@id\":\"https:\\\/\\\/floridareprofreedom.org\\\/#organization\",\"name\":\"Floridians for Reproductive Freedom\",\"url\":\"https:\\\/\\\/floridareprofreedom.org\\\/\",\"logo\":{\"@type\":\"ImageObject\",\"inLanguage\":\"zh-Hans\",\"@id\":\"https:\\\/\\\/floridareprofreedom.org\\\/#\\\/schema\\\/logo\\\/image\\\/\",\"url\":\"https:\\\/\\\/floridareprofreedom.org\\\/wp-content\\\/uploads\\\/2019\\\/05\\\/Untitled.jpg\",\"contentUrl\":\"https:\\\/\\\/floridareprofreedom.org\\\/wp-content\\\/uploads\\\/2019\\\/05\\\/Untitled.jpg\",\"width\":174,\"height\":180,\"caption\":\"Floridians for Reproductive Freedom\"},\"image\":{\"@id\":\"https:\\\/\\\/floridareprofreedom.org\\\/#\\\/schema\\\/logo\\\/image\\\/\"},\"sameAs\":[\"https:\\\/\\\/www.facebook.com\\\/FloridaReproFreedom\\\/\",\"https:\\\/\\\/x.com\\\/FLReproFreedom\",\"https:\\\/\\\/www.instagram.com\\\/floridareprofreedom\\\/\"]}]}<\/script>\n<!-- \/ Yoast SEO plugin. -->","yoast_head_json":{"title":"Ki sa ki yon egzansyon jidisy\u00e8 pou av\u00f2tman\uff1f - \u4f5b\u7f57\u91cc\u8fbe\u4eba\u4e89\u53d6\u751f\u6b96\u81ea\u7531","description":"Si w pa ka jwenn p\u00e8misyon paran w oswa mande paran w, ou ka f\u00e8 yon av\u00f2tman san okenn paran w pa enplike si w ale nan tribinal epi yo ba w yon \u201cegzansyon jidisy\u00e8\u201d\u3002","robots":{"index":"index","follow":"follow","max-snippet":"max-snippet:-1","max-image-preview":"max-image-preview:large","max-video-preview":"max-video-preview:-1"},"canonical":"https:\/\/floridareprofreedom.org\/zh\/\u53f8\u6cd5\u7ed5\u9053\/egzansyon-jidisye-an-florid\/\u57fa\u8428\u57fa\u6c38\u57c3\u8d5e\u68ee\u5409\u8fea\u8c22\u00b7\u666e\u963f\u6c83\u7279\u66fc\/","og_locale":"zh_CN","og_type":"article","og_title":"Ki sa ki yon egzansyon jidisy\u00e8 pou av\u00f2tman? - Floridians For Reproductive Freedom","og_description":"Si w pa ka jwenn p\u00e8misyon paran w oswa mande paran w, ou ka f\u00e8 yon av\u00f2tman san okenn paran w pa enplike si w ale nan tribinal epi yo ba w yon \u201cegzansyon jidisy\u00e8\u201d.","og_url":"https:\/\/floridareprofreedom.org\/zh\/\u53f8\u6cd5\u7ed5\u9053\/egzansyon-jidisye-an-florid\/\u57fa\u8428\u57fa\u6c38\u57c3\u8d5e\u68ee\u5409\u8fea\u8c22\u00b7\u666e\u963f\u6c83\u7279\u66fc\/","og_site_name":"Floridians For Reproductive Freedom","article_publisher":"https:\/\/www.facebook.com\/FloridaReproFreedom\/","article_modified_time":"2024-01-02T22:23:58+00:00","og_image":[{"url":"https:\/\/floridareprofreedom.org\/wp-content\/uploads\/2020\/05\/flcircuitmap.jpeg","type":"","width":"","height":""}],"twitter_card":"summary_large_image","twitter_site":"@FLReproFreedom","twitter_misc":{"\u9884\u8ba1\u9605\u8bfb\u65f6\u95f4":"4 \u5206"},"schema":{"@context":"https:\/\/schema.org","@graph":[{"@type":"WebPage","@id":"https:\/\/floridareprofreedom.org\/judicialbypass\/egzansyon-jidisye-an-florid\/ki-sa-ki-yon-egzansyon-jidisye-pou-avotman\/","url":"https:\/\/floridareprofreedom.org\/judicialbypass\/egzansyon-jidisye-an-florid\/ki-sa-ki-yon-egzansyon-jidisye-pou-avotman\/","name":"Ki sa ki yon egzansyon jidisy\u00e8 pou av\u00f2tman\uff1f - \u4f5b\u7f57\u91cc\u8fbe\u4eba\u4e89\u53d6\u751f\u6b96\u81ea\u7531","isPartOf":{"@id":"https:\/\/floridareprofreedom.org\/#website"},"primaryImageOfPage":{"@id":"https:\/\/floridareprofreedom.org\/judicialbypass\/egzansyon-jidisye-an-florid\/ki-sa-ki-yon-egzansyon-jidisye-pou-avotman\/#primaryimage"},"image":{"@id":"https:\/\/floridareprofreedom.org\/judicialbypass\/egzansyon-jidisye-an-florid\/ki-sa-ki-yon-egzansyon-jidisye-pou-avotman\/#primaryimage"},"thumbnailUrl":"https:\/\/floridareprofreedom.org\/wp-content\/uploads\/2020\/05\/flcircuitmap.jpeg","datePublished":"2024-01-02T22:09:04+00:00","dateModified":"2024-01-02T22:23:58+00:00","description":"Si w pa ka jwenn p\u00e8misyon paran w oswa mande paran w, ou ka f\u00e8 yon av\u00f2tman san okenn paran w pa enplike si w ale nan tribinal epi yo ba w yon \u201cegzansyon jidisy\u00e8\u201d\u3002","breadcrumb":{"@id":"https:\/\/floridareprofreedom.org\/judicialbypass\/egzansyon-jidisye-an-florid\/ki-sa-ki-yon-egzansyon-jidisye-pou-avotman\/#breadcrumb"},"inLanguage":"zh-Hans","potentialAction":[{"@type":"ReadAction","target":["https:\/\/floridareprofreedom.org\/judicialbypass\/egzansyon-jidisye-an-florid\/ki-sa-ki-yon-egzansyon-jidisye-pou-avotman\/"]}]},{"@type":"ImageObject","inLanguage":"zh-Hans","@id":"https:\/\/floridareprofreedom.org\/judicialbypass\/egzansyon-jidisye-an-florid\/ki-sa-ki-yon-egzansyon-jidisye-pou-avotman\/#primaryimage","url":"https:\/\/floridareprofreedom.org\/wp-content\/uploads\/2020\/05\/flcircuitmap.jpeg","contentUrl":"https:\/\/floridareprofreedom.org\/wp-content\/uploads\/2020\/05\/flcircuitmap.jpeg"},{"@type":"BreadcrumbList","@id":"https:\/\/floridareprofreedom.org\/judicialbypass\/egzansyon-jidisye-an-florid\/ki-sa-ki-yon-egzansyon-jidisye-pou-avotman\/#breadcrumb","itemListElement":[{"@type":"ListItem","position":1,"name":"Home","item":"https:\/\/floridareprofreedom.org\/"},{"@type":"ListItem","position":2,"name":"Judicial Bypass in Florida","item":"https:\/\/floridareprofreedom.org\/judicialbypass\/"},{"@type":"ListItem","position":3,"name":"Egzansyon Jidisy\u00e8 an Florid","item":"https:\/\/floridareprofreedom.org\/judicialbypass\/egzansyon-jidisye-an-florid\/"},{"@type":"ListItem","position":4,"name":"Ki sa ki yon egzansyon jidisy\u00e8 pou av\u00f2tman?"}]},{"@type":"WebSite","@id":"https:\/\/floridareprofreedom.org\/#website","url":"https:\/\/floridareprofreedom.org\/","name":"\u4f5b\u7f57\u91cc\u8fbe\u5dde\u751f\u6b96\u81ea\u7531\u534f\u4f1a","description":"\u5021\u5bfc\u63d0\u4f9b\u4fbf\u6377\u3001\u7ecf\u6d4e\u3001\u5b89\u5168\u7684\u751f\u6b96\u5065\u5eb7\u670d\u52a1\uff0c\u5305\u62ec\u5815\u80ce\u3002","publisher":{"@id":"https:\/\/floridareprofreedom.org\/#organization"},"potentialAction":[{"@type":"SearchAction","target":{"@type":"EntryPoint","urlTemplate":"https:\/\/floridareprofreedom.org\/?s={search_term_string}"},"query-input":{"@type":"PropertyValueSpecification","valueRequired":true,"valueName":"search_term_string"}}],"inLanguage":"zh-Hans"},{"@type":"Organization","@id":"https:\/\/floridareprofreedom.org\/#organization","name":"\u4f5b\u7f57\u91cc\u8fbe\u5dde\u751f\u6b96\u81ea\u7531\u534f\u4f1a","url":"https:\/\/floridareprofreedom.org\/","logo":{"@type":"ImageObject","inLanguage":"zh-Hans","@id":"https:\/\/floridareprofreedom.org\/#\/schema\/logo\/image\/","url":"https:\/\/floridareprofreedom.org\/wp-content\/uploads\/2019\/05\/Untitled.jpg","contentUrl":"https:\/\/floridareprofreedom.org\/wp-content\/uploads\/2019\/05\/Untitled.jpg","width":174,"height":180,"caption":"Floridians for Reproductive Freedom"},"image":{"@id":"https:\/\/floridareprofreedom.org\/#\/schema\/logo\/image\/"},"sameAs":["https:\/\/www.facebook.com\/FloridaReproFreedom\/","https:\/\/x.com\/FLReproFreedom","https:\/\/www.instagram.com\/floridareprofreedom\/"]}]}},"_links":{"self":[{"href":"https:\/\/floridareprofreedom.org\/zh\/wp-json\/wp\/v2\/pages\/3165","targetHints":{"allow":["GET"]}}],"collection":[{"href":"https:\/\/floridareprofreedom.org\/zh\/wp-json\/wp\/v2\/pages"}],"about":[{"href":"https:\/\/floridareprofreedom.org\/zh\/wp-json\/wp\/v2\/types\/page"}],"author":[{"embeddable":true,"href":"https:\/\/floridareprofreedom.org\/zh\/wp-json\/wp\/v2\/users\/7"}],"replies":[{"embeddable":true,"href":"https:\/\/floridareprofreedom.org\/zh\/wp-json\/wp\/v2\/comments?post=3165"}],"version-history":[{"count":2,"href":"https:\/\/floridareprofreedom.org\/zh\/wp-json\/wp\/v2\/pages\/3165\/revisions"}],"predecessor-version":[{"id":3173,"href":"https:\/\/floridareprofreedom.org\/zh\/wp-json\/wp\/v2\/pages\/3165\/revisions\/3173"}],"up":[{"embeddable":true,"href":"https:\/\/floridareprofreedom.org\/zh\/wp-json\/wp\/v2\/pages\/3142"}],"wp:attachment":[{"href":"https:\/\/floridareprofreedom.org\/zh\/wp-json\/wp\/v2\/media?parent=3165"}],"wp:term":[{"taxonomy":"folder","embeddable":true,"href":"https:\/\/floridareprofreedom.org\/zh\/wp-json\/wp\/v2\/folder?post=3165"}],"curies":[{"name":"wp","href":"https:\/\/api.w.org\/{rel}","templated":true}]}}