{"id":3179,"date":"2024-01-02T22:34:35","date_gmt":"2024-01-02T22:34:35","guid":{"rendered":"https:\/\/floridareprofreedom.org\/?page_id=3179"},"modified":"2024-01-02T22:34:35","modified_gmt":"2024-01-02T22:34:35","slug":"%e5%ad%94%e6%af%94%e6%81%a9%c2%b7%e5%9d%a6%c2%b7%e9%87%8c%c2%b7%e6%99%ae%e5%85%b0%c2%b7%e6%99%ae%c2%b7%e5%90%89%e6%96%87%c2%b7%e6%b0%b8%c2%b7%e5%9f%83%e8%b5%9e%e6%a3%ae%c2%b7%e5%90%89%e8%bf%aa","status":"publish","type":"page","link":"https:\/\/floridareprofreedom.org\/zh\/judicialbypass\/egzansyon-jidisye-an-florid\/konbyen-tan-li-pran-pou-jwenn-yon-egzansyon-jidisye\/","title":{"rendered":"Konbyen tan li pran pou jwenn yon egzansyon jidisy\u00e8\uff1f"},"content":{"rendered":"<p><span style=\"font-weight: 400;\">\u5982\u679c\u60a8\u4f7f\u7528\u4f5b\u7f57\u91cc\u8fbe\u5dde\u90e8\u843d\u7684 sikonskripsyon\uff0c\u8bf7\u4f7f\u7528\u8be5\u5e94\u7528\u7a0b\u5e8f\uff0c\u7136\u540e\u5c06\u5176\u5b89\u88c5\u5728 nan twa jou ouvrab \u4e0a\u3002<\/span><\/p>","protected":false},"excerpt":{"rendered":"<p>\u5982\u679c\u60a8\u4f7f\u7528\u4f5b\u7f57\u91cc\u8fbe\u5dde\u90e8\u843d\u7684 sikonskripsyon\uff0c\u8bf7\u4f7f\u7528\u8be5\u5e94\u7528\u7a0b\u5e8f\uff0c\u7136\u540e\u5c06\u5176\u5b89\u88c5\u5728 nan twa jou ouvrab \u4e0a\u3002<\/p>","protected":false},"author":7,"featured_media":0,"parent":3142,"menu_order":0,"comment_status":"closed","ping_status":"closed","template":"","meta":{"footnotes":""},"folder":[35,8],"class_list":["post-3179","page","type-page","status-publish","hentry"],"yoast_head":"<!-- This site is optimized with the Yoast SEO plugin v27.3 - https:\/\/yoast.com\/product\/yoast-seo-wordpress\/ -->\n<title>Konbyen tan li pran pou jwenn yon egzansyon jidisy\u00e8? - Floridians For Reproductive Freedom<\/title>\n<meta name=\"description\" content=\"L\u00e8 yo depoze aplikasyon egzansyon jidisy\u00e8 w la nan yon tribinal sikonskripsyon nan Florid, jij la ap pran yon desizyon sou ka a nan twa jou ouvrab.\" \/>\n<meta name=\"robots\" content=\"index, follow, max-snippet:-1, max-image-preview:large, max-video-preview:-1\" \/>\n<link rel=\"canonical\" href=\"https:\/\/floridareprofreedom.org\/zh\/\u53f8\u6cd5\u7ed5\u9053\/egzansyon-jidisye-an-florid\/\u5b54\u6bd4\u6069\u00b7\u5766\u00b7\u91cc\u00b7\u666e\u5170\u00b7\u666e\u00b7\u5409\u6587\u00b7\u6c38\u00b7\u57c3\u8d5e\u68ee\u00b7\u5409\u8fea\/\" \/>\n<meta property=\"og:locale\" content=\"zh_CN\" \/>\n<meta property=\"og:type\" content=\"article\" \/>\n<meta property=\"og:title\" content=\"Konbyen tan li pran pou jwenn yon egzansyon jidisy\u00e8? - Floridians For Reproductive Freedom\" \/>\n<meta property=\"og:description\" content=\"L\u00e8 yo depoze aplikasyon egzansyon jidisy\u00e8 w la nan yon tribinal sikonskripsyon nan Florid, jij la ap pran yon desizyon sou ka a nan twa jou ouvrab.\" \/>\n<meta property=\"og:url\" content=\"https:\/\/floridareprofreedom.org\/zh\/\u53f8\u6cd5\u7ed5\u9053\/egzansyon-jidisye-an-florid\/\u5b54\u6bd4\u6069\u00b7\u5766\u00b7\u91cc\u00b7\u666e\u5170\u00b7\u666e\u00b7\u5409\u6587\u00b7\u6c38\u00b7\u57c3\u8d5e\u68ee\u00b7\u5409\u8fea\/\" \/>\n<meta property=\"og:site_name\" content=\"Floridians For Reproductive Freedom\" \/>\n<meta property=\"article:publisher\" content=\"https:\/\/www.facebook.com\/FloridaReproFreedom\/\" \/>\n<meta name=\"twitter:card\" content=\"summary_large_image\" \/>\n<meta name=\"twitter:site\" content=\"@FLReproFreedom\" \/>\n<meta name=\"twitter:label1\" content=\"\u9884\u8ba1\u9605\u8bfb\u65f6\u95f4\" \/>\n\t<meta name=\"twitter:data1\" content=\"1 \u5206\" \/>\n<script type=\"application\/ld+json\" class=\"yoast-schema-graph\">{\"@context\":\"https:\\\/\\\/schema.org\",\"@graph\":[{\"@type\":\"WebPage\",\"@id\":\"https:\\\/\\\/floridareprofreedom.org\\\/judicialbypass\\\/egzansyon-jidisye-an-florid\\\/konbyen-tan-li-pran-pou-jwenn-yon-egzansyon-jidisye\\\/\",\"url\":\"https:\\\/\\\/floridareprofreedom.org\\\/judicialbypass\\\/egzansyon-jidisye-an-florid\\\/konbyen-tan-li-pran-pou-jwenn-yon-egzansyon-jidisye\\\/\",\"name\":\"Konbyen tan li pran pou jwenn yon egzansyon jidisy\u00e8? - Floridians For Reproductive Freedom\",\"isPartOf\":{\"@id\":\"https:\\\/\\\/floridareprofreedom.org\\\/#website\"},\"datePublished\":\"2024-01-02T22:34:35+00:00\",\"description\":\"L\u00e8 yo depoze aplikasyon egzansyon jidisy\u00e8 w la nan yon tribinal sikonskripsyon nan Florid, jij la ap pran yon desizyon sou ka a nan twa jou ouvrab.\",\"breadcrumb\":{\"@id\":\"https:\\\/\\\/floridareprofreedom.org\\\/judicialbypass\\\/egzansyon-jidisye-an-florid\\\/konbyen-tan-li-pran-pou-jwenn-yon-egzansyon-jidisye\\\/#breadcrumb\"},\"inLanguage\":\"zh-Hans\",\"potentialAction\":[{\"@type\":\"ReadAction\",\"target\":[\"https:\\\/\\\/floridareprofreedom.org\\\/judicialbypass\\\/egzansyon-jidisye-an-florid\\\/konbyen-tan-li-pran-pou-jwenn-yon-egzansyon-jidisye\\\/\"]}]},{\"@type\":\"BreadcrumbList\",\"@id\":\"https:\\\/\\\/floridareprofreedom.org\\\/judicialbypass\\\/egzansyon-jidisye-an-florid\\\/konbyen-tan-li-pran-pou-jwenn-yon-egzansyon-jidisye\\\/#breadcrumb\",\"itemListElement\":[{\"@type\":\"ListItem\",\"position\":1,\"name\":\"Home\",\"item\":\"https:\\\/\\\/floridareprofreedom.org\\\/\"},{\"@type\":\"ListItem\",\"position\":2,\"name\":\"Judicial Bypass in Florida\",\"item\":\"https:\\\/\\\/floridareprofreedom.org\\\/judicialbypass\\\/\"},{\"@type\":\"ListItem\",\"position\":3,\"name\":\"Egzansyon Jidisy\u00e8 an Florid\",\"item\":\"https:\\\/\\\/floridareprofreedom.org\\\/judicialbypass\\\/egzansyon-jidisye-an-florid\\\/\"},{\"@type\":\"ListItem\",\"position\":4,\"name\":\"Konbyen tan li pran pou jwenn yon egzansyon jidisy\u00e8?\"}]},{\"@type\":\"WebSite\",\"@id\":\"https:\\\/\\\/floridareprofreedom.org\\\/#website\",\"url\":\"https:\\\/\\\/floridareprofreedom.org\\\/\",\"name\":\"Floridians For Reproductive Freedom\",\"description\":\"Advocating for convenient, affordable, and safe access to reproductive health care, including abortion.\",\"publisher\":{\"@id\":\"https:\\\/\\\/floridareprofreedom.org\\\/#organization\"},\"potentialAction\":[{\"@type\":\"SearchAction\",\"target\":{\"@type\":\"EntryPoint\",\"urlTemplate\":\"https:\\\/\\\/floridareprofreedom.org\\\/?s={search_term_string}\"},\"query-input\":{\"@type\":\"PropertyValueSpecification\",\"valueRequired\":true,\"valueName\":\"search_term_string\"}}],\"inLanguage\":\"zh-Hans\"},{\"@type\":\"Organization\",\"@id\":\"https:\\\/\\\/floridareprofreedom.org\\\/#organization\",\"name\":\"Floridians for Reproductive Freedom\",\"url\":\"https:\\\/\\\/floridareprofreedom.org\\\/\",\"logo\":{\"@type\":\"ImageObject\",\"inLanguage\":\"zh-Hans\",\"@id\":\"https:\\\/\\\/floridareprofreedom.org\\\/#\\\/schema\\\/logo\\\/image\\\/\",\"url\":\"https:\\\/\\\/floridareprofreedom.org\\\/wp-content\\\/uploads\\\/2019\\\/05\\\/Untitled.jpg\",\"contentUrl\":\"https:\\\/\\\/floridareprofreedom.org\\\/wp-content\\\/uploads\\\/2019\\\/05\\\/Untitled.jpg\",\"width\":174,\"height\":180,\"caption\":\"Floridians for Reproductive Freedom\"},\"image\":{\"@id\":\"https:\\\/\\\/floridareprofreedom.org\\\/#\\\/schema\\\/logo\\\/image\\\/\"},\"sameAs\":[\"https:\\\/\\\/www.facebook.com\\\/FloridaReproFreedom\\\/\",\"https:\\\/\\\/x.com\\\/FLReproFreedom\",\"https:\\\/\\\/www.instagram.com\\\/floridareprofreedom\\\/\"]}]}<\/script>\n<!-- \/ Yoast SEO plugin. -->","yoast_head_json":{"title":"Konbyen tan li pran pou jwenn yon egzansyon jidisy\u00e8\uff1f - \u4f5b\u7f57\u91cc\u8fbe\u4eba\u4e89\u53d6\u751f\u6b96\u81ea\u7531","description":"\u5982\u679c\u60a8\u4f7f\u7528\u4f5b\u7f57\u91cc\u8fbe\u5dde\u90e8\u843d\u7684 sikonskripsyon\uff0c\u8bf7\u4f7f\u7528\u8be5\u5e94\u7528\u7a0b\u5e8f\uff0c\u7136\u540e\u5c06\u5176\u5b89\u88c5\u5728 nan twa jou ouvrab \u4e0a\u3002","robots":{"index":"index","follow":"follow","max-snippet":"max-snippet:-1","max-image-preview":"max-image-preview:large","max-video-preview":"max-video-preview:-1"},"canonical":"https:\/\/floridareprofreedom.org\/zh\/\u53f8\u6cd5\u7ed5\u9053\/egzansyon-jidisye-an-florid\/\u5b54\u6bd4\u6069\u00b7\u5766\u00b7\u91cc\u00b7\u666e\u5170\u00b7\u666e\u00b7\u5409\u6587\u00b7\u6c38\u00b7\u57c3\u8d5e\u68ee\u00b7\u5409\u8fea\/","og_locale":"zh_CN","og_type":"article","og_title":"Konbyen tan li pran pou jwenn yon egzansyon jidisy\u00e8? - Floridians For Reproductive Freedom","og_description":"L\u00e8 yo depoze aplikasyon egzansyon jidisy\u00e8 w la nan yon tribinal sikonskripsyon nan Florid, jij la ap pran yon desizyon sou ka a nan twa jou ouvrab.","og_url":"https:\/\/floridareprofreedom.org\/zh\/\u53f8\u6cd5\u7ed5\u9053\/egzansyon-jidisye-an-florid\/\u5b54\u6bd4\u6069\u00b7\u5766\u00b7\u91cc\u00b7\u666e\u5170\u00b7\u666e\u00b7\u5409\u6587\u00b7\u6c38\u00b7\u57c3\u8d5e\u68ee\u00b7\u5409\u8fea\/","og_site_name":"Floridians For Reproductive Freedom","article_publisher":"https:\/\/www.facebook.com\/FloridaReproFreedom\/","twitter_card":"summary_large_image","twitter_site":"@FLReproFreedom","twitter_misc":{"\u9884\u8ba1\u9605\u8bfb\u65f6\u95f4":"1 \u5206"},"schema":{"@context":"https:\/\/schema.org","@graph":[{"@type":"WebPage","@id":"https:\/\/floridareprofreedom.org\/judicialbypass\/egzansyon-jidisye-an-florid\/konbyen-tan-li-pran-pou-jwenn-yon-egzansyon-jidisye\/","url":"https:\/\/floridareprofreedom.org\/judicialbypass\/egzansyon-jidisye-an-florid\/konbyen-tan-li-pran-pou-jwenn-yon-egzansyon-jidisye\/","name":"Konbyen tan li pran pou jwenn yon egzansyon jidisy\u00e8\uff1f - \u4f5b\u7f57\u91cc\u8fbe\u4eba\u4e89\u53d6\u751f\u6b96\u81ea\u7531","isPartOf":{"@id":"https:\/\/floridareprofreedom.org\/#website"},"datePublished":"2024-01-02T22:34:35+00:00","description":"\u5982\u679c\u60a8\u4f7f\u7528\u4f5b\u7f57\u91cc\u8fbe\u5dde\u90e8\u843d\u7684 sikonskripsyon\uff0c\u8bf7\u4f7f\u7528\u8be5\u5e94\u7528\u7a0b\u5e8f\uff0c\u7136\u540e\u5c06\u5176\u5b89\u88c5\u5728 nan twa jou ouvrab \u4e0a\u3002","breadcrumb":{"@id":"https:\/\/floridareprofreedom.org\/judicialbypass\/egzansyon-jidisye-an-florid\/konbyen-tan-li-pran-pou-jwenn-yon-egzansyon-jidisye\/#breadcrumb"},"inLanguage":"zh-Hans","potentialAction":[{"@type":"ReadAction","target":["https:\/\/floridareprofreedom.org\/judicialbypass\/egzansyon-jidisye-an-florid\/konbyen-tan-li-pran-pou-jwenn-yon-egzansyon-jidisye\/"]}]},{"@type":"BreadcrumbList","@id":"https:\/\/floridareprofreedom.org\/judicialbypass\/egzansyon-jidisye-an-florid\/konbyen-tan-li-pran-pou-jwenn-yon-egzansyon-jidisye\/#breadcrumb","itemListElement":[{"@type":"ListItem","position":1,"name":"Home","item":"https:\/\/floridareprofreedom.org\/"},{"@type":"ListItem","position":2,"name":"Judicial Bypass in Florida","item":"https:\/\/floridareprofreedom.org\/judicialbypass\/"},{"@type":"ListItem","position":3,"name":"Egzansyon Jidisy\u00e8 an Florid","item":"https:\/\/floridareprofreedom.org\/judicialbypass\/egzansyon-jidisye-an-florid\/"},{"@type":"ListItem","position":4,"name":"Konbyen tan li pran pou jwenn yon egzansyon jidisy\u00e8?"}]},{"@type":"WebSite","@id":"https:\/\/floridareprofreedom.org\/#website","url":"https:\/\/floridareprofreedom.org\/","name":"\u4f5b\u7f57\u91cc\u8fbe\u5dde\u751f\u6b96\u81ea\u7531\u534f\u4f1a","description":"\u5021\u5bfc\u63d0\u4f9b\u4fbf\u6377\u3001\u7ecf\u6d4e\u3001\u5b89\u5168\u7684\u751f\u6b96\u5065\u5eb7\u670d\u52a1\uff0c\u5305\u62ec\u5815\u80ce\u3002","publisher":{"@id":"https:\/\/floridareprofreedom.org\/#organization"},"potentialAction":[{"@type":"SearchAction","target":{"@type":"EntryPoint","urlTemplate":"https:\/\/floridareprofreedom.org\/?s={search_term_string}"},"query-input":{"@type":"PropertyValueSpecification","valueRequired":true,"valueName":"search_term_string"}}],"inLanguage":"zh-Hans"},{"@type":"Organization","@id":"https:\/\/floridareprofreedom.org\/#organization","name":"\u4f5b\u7f57\u91cc\u8fbe\u5dde\u751f\u6b96\u81ea\u7531\u534f\u4f1a","url":"https:\/\/floridareprofreedom.org\/","logo":{"@type":"ImageObject","inLanguage":"zh-Hans","@id":"https:\/\/floridareprofreedom.org\/#\/schema\/logo\/image\/","url":"https:\/\/floridareprofreedom.org\/wp-content\/uploads\/2019\/05\/Untitled.jpg","contentUrl":"https:\/\/floridareprofreedom.org\/wp-content\/uploads\/2019\/05\/Untitled.jpg","width":174,"height":180,"caption":"Floridians for Reproductive Freedom"},"image":{"@id":"https:\/\/floridareprofreedom.org\/#\/schema\/logo\/image\/"},"sameAs":["https:\/\/www.facebook.com\/FloridaReproFreedom\/","https:\/\/x.com\/FLReproFreedom","https:\/\/www.instagram.com\/floridareprofreedom\/"]}]}},"_links":{"self":[{"href":"https:\/\/floridareprofreedom.org\/zh\/wp-json\/wp\/v2\/pages\/3179","targetHints":{"allow":["GET"]}}],"collection":[{"href":"https:\/\/floridareprofreedom.org\/zh\/wp-json\/wp\/v2\/pages"}],"about":[{"href":"https:\/\/floridareprofreedom.org\/zh\/wp-json\/wp\/v2\/types\/page"}],"author":[{"embeddable":true,"href":"https:\/\/floridareprofreedom.org\/zh\/wp-json\/wp\/v2\/users\/7"}],"replies":[{"embeddable":true,"href":"https:\/\/floridareprofreedom.org\/zh\/wp-json\/wp\/v2\/comments?post=3179"}],"version-history":[{"count":1,"href":"https:\/\/floridareprofreedom.org\/zh\/wp-json\/wp\/v2\/pages\/3179\/revisions"}],"predecessor-version":[{"id":3180,"href":"https:\/\/floridareprofreedom.org\/zh\/wp-json\/wp\/v2\/pages\/3179\/revisions\/3180"}],"up":[{"embeddable":true,"href":"https:\/\/floridareprofreedom.org\/zh\/wp-json\/wp\/v2\/pages\/3142"}],"wp:attachment":[{"href":"https:\/\/floridareprofreedom.org\/zh\/wp-json\/wp\/v2\/media?parent=3179"}],"wp:term":[{"taxonomy":"folder","embeddable":true,"href":"https:\/\/floridareprofreedom.org\/zh\/wp-json\/wp\/v2\/folder?post=3179"}],"curies":[{"name":"wp","href":"https:\/\/api.w.org\/{rel}","templated":true}]}}