{"id":3183,"date":"2024-01-02T22:51:53","date_gmt":"2024-01-02T22:51:53","guid":{"rendered":"https:\/\/floridareprofreedom.org\/?page_id=3183"},"modified":"2024-01-02T22:51:53","modified_gmt":"2024-01-02T22:51:53","slug":"%e5%9f%83%e6%96%af%e5%85%8b%c2%b7%e7%a9%86%e6%81%a9%c2%b7%e9%98%bf%e6%99%ae%c2%b7%e7%a7%91%e5%8d%97%c2%b7%e5%a7%86%e6%96%87%c2%b7%e7%89%b9%c2%b7%e9%98%bf%e8%8e%b1%c2%b7%e5%8d%97%e9%83%a8%e8%90%bd","status":"publish","type":"page","link":"https:\/\/floridareprofreedom.org\/zh\/judicialbypass\/egzansyon-jidisye-an-florid\/eske-moun-ap-konnen-mwen-te-ale-nan-tribinal-pou-egzansyon-jidisye\/","title":{"rendered":"\u00c8ske moun ap konnen mwen te ale nan tribinal pou egzansyon jidisy\u00e8\uff1f"},"content":{"rendered":"<p><span style=\"font-weight: 400;\">Pwosesis egzansyon jidisy\u00e8 a, selon la lwa se yon pwosesis konfidansy\u00e8l\u3002 Pa gen moun ki ta sipoze ka konnen non w\u3001oubyen konnen ou depoze yon aplikasyon\u3001pa menm paran w\u3002 Menm jij la pa bezwen konnen non ou, tout dosye tribinal yo ap itilize inisyal ou oubyen fo non ou chwazi a.\u00a0<\/span><\/p>\n<p><span style=\"font-weight: 400;\">Ou menm ak avokaw aprankontre avek yon jij an prive nan yon chanm femen\u3002 Yo ankouraje jij yo pou kenbe lodyans sa yo nan yon kote ak tan ki p\u00e8m\u00e8t ou kenbe sa an prive\u3002 Yo sipoze asire yo okenn moun ki pa otorize pa nan sal tribinal la oubyen ka w\u00e8 osinon tande pwosesis la\u3002 Jij la dwe konprann sansibilite sa wap f\u00e8 a\u3002<\/span><\/p>\n<p><span style=\"font-weight: 400;\">An reyalite, menm si lalwa mande pwosesi la rete konfidansy\u00e8l, toujou gen posibilite pouw kontre yon moun ou konnen nan tribinal la, espesyalman si z\u00f2n wap viv la, kote tribinal la ye a piti anpil.Si yon moun ki rekon\u00e8t ou rive w\u00e8w nan\u90e8\u843d\u62c9\uff0cpa gen anyen ki anpeche yo al di l\u00f2t moun yo te w\u00e8w\u3002\u8bf7\u51c6\u5907\u597d\u3002<\/span><\/p>\n<p><strong>Yon lot mwayen ou ka itilize pouw ale nan tribinal nan kominn ou an:<\/strong><\/p>\n<ul>\n<li style=\"font-weight: 400;\" aria-level=\"1\"><span style=\"font-weight: 400;\">Si ou gen mwayen transp\u00f2 ak tan ou ka konsidere depoze petisyon w lan nan yon tribinal nan yon l\u00f2t kominn men ki toujou nan sikwi ou ye a. La lwa di f\u00f2k petisyon an depoze nan yon tribinal ki nan sikwi ou ye a. (kominn florid yo tout ansanm regwoupe an 20 sikwi, ch\u00e8che kominn wap viv la nan kat ki anba paj la pouw ka konen nan ki sikwi wap viv)<\/span><\/li>\n<li style=\"font-weight: 400;\" aria-level=\"1\"><span style=\"font-weight: 400;\">Detay sou ki kote pouw ale\u3001ak ki moun pouw palm nan chak kominn\u3001si yo disponib\u3001wap jwenn yo nan tablo ki anba paj la\u3002 L\u00e8 wap applike pou yon detou jidisy\u00e8\uff0c <strong>\u4e0e konsidere kontakte anplwaye tribinal la avan ou ale pouw ka verifye ki kote pouw ale ak kisa pouw f\u00e8 pouw kapab koumanse pwosesis la<\/strong>\u3002 Gen kek diffans ant kominn yo\u3002 Avan ou ale konfime l\u00e8 yo fonksyone, adr\u00e8s yo ak kijan pouw pake le ou rive\u3002<\/span><\/li>\n<\/ul>\n<p><img fetchpriority=\"high\" decoding=\"async\" class=\"wp-image-1001 aligncenter\" src=\"https:\/\/floridareprofreedom.org\/wp-content\/uploads\/2020\/05\/flcircuitmap.jpeg\" alt=\"\" width=\"601\" height=\"503\" srcset=\"https:\/\/floridareprofreedom.org\/wp-content\/uploads\/2020\/05\/flcircuitmap.jpeg 465w, https:\/\/floridareprofreedom.org\/wp-content\/uploads\/2020\/05\/flcircuitmap-300x252.jpeg 300w\" sizes=\"(max-width: 601px) 100vw, 601px\" \/><\/p>\n<p><b>\u5de1\u56de\u6cd5\u9662\u7f51\u7ad9<\/b><\/p>\n<ol>\n<li><a href=\"http:\/\/www.firstjudicialcircuit.org\/\"><span style=\"font-weight: 400;\">\u7b2c\u4e00\u5de1\u56de\u6cd5\u9662<\/span><\/a><span style=\"font-weight: 400;\"> \u2014\u57c3\u65af\u574e\u6bd4\u4e9a\u53bf\u3001\u5965\u5361\u5362\u8428\u53bf\u3001\u5723\u7f57\u838e\u53bf\u548c\u6c83\u5c14\u987f\u53bf<\/span><\/li>\n<li><a href=\"http:\/\/2ndcircuit.leoncountyfl.gov\/\"><span style=\"font-weight: 400;\">\u7b2c\u4e8c\u5de1\u56de\u6cd5\u9662<\/span><\/a> <span style=\"font-weight: 400;\">\u2014\u5bcc\u5170\u514b\u6797\u3001\u52a0\u5179\u767b\u3001\u6770\u6590\u900a\u3001\u83b1\u6602\u3001\u5229\u4f2f\u8482\u548c\u74e6\u5e93\u62c9<\/span><\/li>\n<li><a href=\"http:\/\/www.jud3.flcourts.org\/\"><span style=\"font-weight: 400;\">\u7b2c\u4e09\u5de1\u56de\u6cd5\u9662<\/span><\/a><span style=\"font-weight: 400;\"> \u2014\u54e5\u4f26\u6bd4\u4e9a\u3001\u8fea\u514b\u897f\u3001\u6c49\u5bc6\u5c14\u987f\u3001\u62c9\u6590\u7279\u3001\u9ea6\u8fea\u900a\u3001\u82cf\u4e07\u5c3c\u548c\u6cf0\u52d2<\/span><\/li>\n<li><a href=\"http:\/\/www.coj.net\/departments\/fourth-judicial-circuit-court.aspx\"><span style=\"font-weight: 400;\">\u7b2c\u56db\u5de1\u56de\u6cd5\u9662<\/span><\/a><span style=\"font-weight: 400;\"> \u2014\u2014\u514b\u83b1\u53bf\u3001\u675c\u74e6\u5c14\u53bf\u548c\u62ff\u9a9a\u53bf<\/span><\/li>\n<li><a href=\"http:\/\/www.circuit5.org\/c5\/\"><span style=\"font-weight: 400;\">\u7b2c\u4e94\u5de1\u56de\u6cd5\u9662<\/span><\/a><span style=\"font-weight: 400;\"> \u2014 \u897f\u7279\u62c9\u65af\u3001\u8d6b\u5c14\u5357\u591a\u3001\u83b1\u514b\u3001\u9a6c\u91cc\u6069\u548c\u8428\u59c6\u7279<\/span><\/li>\n<li><a href=\"http:\/\/www.jud6.org\/\"><span style=\"font-weight: 400;\">\u7b2c\u516d\u5de1\u56de\u6cd5\u9662<\/span><\/a> <span style=\"font-weight: 400;\">\u2014\u5e15\u65af\u79d1\u548c\u76ae\u5185\u62c9\u65af<\/span><\/li>\n<li><a href=\"http:\/\/www.circuit7.org\/\"><span style=\"font-weight: 400;\">\u7b2c\u4e03\u5de1\u56de\u6cd5\u9662<\/span> <\/a><span style=\"font-weight: 400;\">\u2014\u5723\u7ea6\u7ff0\u65af\u53bf\u3001\u6c83\u5362\u897f\u4e9a\u53bf\u3001\u5f17\u62c9\u683c\u52d2\u53bf\u548c\u666e\u7279\u5357\u53bf<\/span><\/li>\n<li><a href=\"http:\/\/www.circuit8.org\/\"><span style=\"font-weight: 400;\">\u7b2c\u516b\u5de1\u56de\u6cd5\u9662<\/span><\/a><span style=\"font-weight: 400;\"> \u2014\u963f\u62c9\u695a\u963f\u3001\u8d1d\u514b\u3001\u5e03\u62c9\u5fb7\u798f\u5fb7\u3001\u5409\u5c14\u514b\u91cc\u65af\u7279\u3001\u5229\u7ef4\u548c\u5c24\u5b81<\/span><\/li>\n<li><a href=\"http:\/\/www.ninthcircuit.org\/\"><span style=\"font-weight: 400;\">\u7b2c\u4e5d\u5de1\u56de\u6cd5\u9662<\/span><\/a><span style=\"font-weight: 400;\"> \u2014 \u5965\u5170\u6cbb\u548c\u5965\u897f\u5965\u62c9<\/span><\/li>\n<li><a href=\"http:\/\/www.jud10.flcourts.org\/\"><span style=\"font-weight: 400;\">\u7b2c\u5341\u5de1\u56de\u6cd5\u9662<\/span><\/a><span style=\"font-weight: 400;\">t<\/span><span style=\"font-weight: 400;\"> \u2014 \u54c8\u8fea\u3001\u9ad8\u5730\u548c\u6ce2\u5c14\u514b<\/span><\/li>\n<li><a href=\"http:\/\/www.jud11.flcourts.org\/\"><span style=\"font-weight: 400;\">\u7b2c\u5341\u4e00\u5de1\u56de\u6cd5\u9662<\/span><\/a><span style=\"font-weight: 400;\"> \u6234\u5fb7<\/span><\/li>\n<li><a href=\"http:\/\/www.jud12.flcourts.org\/\"><span style=\"font-weight: 400;\">\u7b2c\u5341\u4e8c\u5de1\u56de\u6cd5\u9662<\/span><\/a><span style=\"font-weight: 400;\"> \u2014 \u5fb7\u7d22\u6258\u53bf\u3001\u9a6c\u7eb3\u63d0\u53bf\u548c\u8428\u62c9\u7d22\u5854\u53bf<\/span><\/li>\n<li><a href=\"http:\/\/www.fljud13.org\/\"><span style=\"font-weight: 400;\">\u7b2c\u5341\u4e09\u5de1\u56de\u6cd5\u9662<\/span><\/a><span style=\"font-weight: 400;\"> \u2014 \u5e0c\u5c14\u65af\u4f2f\u52d2<\/span><\/li>\n<li><a href=\"http:\/\/www.jud14.flcourts.org\/index.htm\"><span style=\"font-weight: 400;\">\u7b2c\u5341\u56db\u5de1\u56de\u6cd5\u9662<\/span><\/a><span style=\"font-weight: 400;\">t<\/span><span style=\"font-weight: 400;\"> \u2014 \u8d1d\u3001\u5361\u5c14\u970d\u6069\u3001\u683c\u5c14\u592b\u3001\u970d\u59c6\u65af\u3001\u6770\u514b\u900a\u548c\u534e\u76db\u987f<\/span><\/li>\n<li><a href=\"http:\/\/15thcircuit.co.palm-beach.fl.us\/\"><span style=\"font-weight: 400;\">\u7b2c\u5341\u4e94\u5de1\u56de\u6cd5\u9662<\/span> <\/a><span style=\"font-weight: 400;\">\u2014 \u68d5\u6988\u6ee9<\/span><\/li>\n<li><a href=\"http:\/\/www.keyscourts.net\/\"><span style=\"font-weight: 400;\">\u7b2c\u5341\u516d\u5de1\u56de\u6cd5\u9662<\/span><\/a><span style=\"font-weight: 400;\"> \u2014\u2014\u95e8\u7f57<\/span><\/li>\n<li><a href=\"http:\/\/www.17th.flcourts.org\/\"><span style=\"font-weight: 400;\">\u7b2c\u5341\u4e03\u5de1\u56de\u6cd5\u9662<\/span><\/a><span style=\"font-weight: 400;\"> \u2014 \u5e03\u52b3\u6c83\u5fb7<\/span><\/li>\n<li><a href=\"http:\/\/www.flcourts18.org\/page.php?2\"><span style=\"font-weight: 400;\">\u7b2c\u5341\u516b\u5de1\u56de\u6cd5\u9662<\/span><\/a><span style=\"font-weight: 400;\"> \u2014 \u5e03\u91cc\u74e6\u5fb7\u548c\u585e\u7c73\u8bfa\u5c14<\/span><\/li>\n<li><a href=\"http:\/\/www.circuit19.org\/\"><span style=\"font-weight: 400;\">\u7b2c\u5341\u4e5d\u5de1\u56de\u6cd5\u9662<\/span><\/a><span style=\"font-weight: 400;\"> \u2014\u5370\u7b2c\u5b89\u6cb3\u3001\u9a6c\u4e01\u3001\u5965\u57fa\u4e54\u6bd4\u548c\u5723\u5362\u897f<\/span><\/li>\n<li><a href=\"http:\/\/www.ca.cjis20.org\/home\/main\/homepage.asp\"><span style=\"font-weight: 400;\">\u7b2c\u4e8c\u5341\u5de1\u56de\u6cd5\u9662<\/span><\/a><span style=\"font-weight: 400;\"> \u2014\u2014\u590f\u6d1b\u7279\u3001\u79d1\u5229\u5c14\u3001\u683c\u83b1\u5179\u3001\u4ea8\u5fb7\u5229\u548c\u674e<\/span><\/li>\n<\/ol>\n<p><iframe src=\"https:\/\/docs.google.com\/spreadsheets\/d\/e\/2PACX-1vQB6krgtRma-96mkc9NufqrFn2t3gYItPYTXhaTc_euzRTZEXyRs9x90T-YutHr6CS_eNVijuyheuHR\/pubhtml?gid=1415876535&amp;single=true&amp;widget=true&amp;headers=false\" width=\"850\" height=\"1200\"><\/iframe><\/p>","protected":false},"excerpt":{"rendered":"<p>Pwosesis egzansyon jidisy\u00e8 a, selon la lwa se yon pwosesis konfidansy\u00e8l. Pa gen moun ki ta sipoze ka konnen non w, oubyen konnen ou depoze yon aplikasyon, pa menm paran w. Menm jij la pa bezwen konnen non ou, tout dosye tribinal yo ap itilize inisyal ou oubyen fo non ou chwazi a.\u00a0 Ou menm [&hellip;]<\/p>\n","protected":false},"author":7,"featured_media":0,"parent":3142,"menu_order":0,"comment_status":"closed","ping_status":"closed","template":"","meta":{"footnotes":""},"folder":[35,8],"class_list":["post-3183","page","type-page","status-publish","hentry"],"yoast_head":"<!-- This site is optimized with the Yoast SEO plugin v27.3 - https:\/\/yoast.com\/product\/yoast-seo-wordpress\/ -->\n<title>\u00c8ske moun ap konnen mwen te ale nan tribinal pou egzansyon jidisy\u00e8? - Floridians For Reproductive Freedom<\/title>\n<meta name=\"description\" content=\"Pwosesis egzansyon jidisy\u00e8 a, selon la lwa se yon pwosesis konfidansy\u00e8l.\" \/>\n<meta name=\"robots\" content=\"index, follow, max-snippet:-1, max-image-preview:large, max-video-preview:-1\" \/>\n<link rel=\"canonical\" href=\"https:\/\/floridareprofreedom.org\/zh\/\u53f8\u6cd5\u7ed5\u9053\/egzansyon-jidisye-an-florid\/\u57c3\u65af\u514b\u00b7\u7a46\u6069\u00b7\u963f\u666e\u00b7\u79d1\u5357\u00b7\u59c6\u6587\u00b7\u7279\u00b7\u963f\u83b1\u00b7\u5357\u90e8\u843d\/\" \/>\n<meta property=\"og:locale\" content=\"zh_CN\" \/>\n<meta property=\"og:type\" content=\"article\" \/>\n<meta property=\"og:title\" content=\"\u00c8ske moun ap konnen mwen te ale nan tribinal pou egzansyon jidisy\u00e8? - Floridians For Reproductive Freedom\" \/>\n<meta property=\"og:description\" content=\"Pwosesis egzansyon jidisy\u00e8 a, selon la lwa se yon pwosesis konfidansy\u00e8l.\" \/>\n<meta property=\"og:url\" content=\"https:\/\/floridareprofreedom.org\/zh\/\u53f8\u6cd5\u7ed5\u9053\/egzansyon-jidisye-an-florid\/\u57c3\u65af\u514b\u00b7\u7a46\u6069\u00b7\u963f\u666e\u00b7\u79d1\u5357\u00b7\u59c6\u6587\u00b7\u7279\u00b7\u963f\u83b1\u00b7\u5357\u90e8\u843d\/\" \/>\n<meta property=\"og:site_name\" content=\"Floridians For Reproductive Freedom\" \/>\n<meta property=\"article:publisher\" content=\"https:\/\/www.facebook.com\/FloridaReproFreedom\/\" \/>\n<meta property=\"og:image\" content=\"https:\/\/floridareprofreedom.org\/wp-content\/uploads\/2020\/05\/flcircuitmap.jpeg\" \/>\n<meta name=\"twitter:card\" content=\"summary_large_image\" \/>\n<meta name=\"twitter:site\" content=\"@FLReproFreedom\" \/>\n<meta name=\"twitter:label1\" content=\"\u9884\u8ba1\u9605\u8bfb\u65f6\u95f4\" \/>\n\t<meta name=\"twitter:data1\" content=\"3 \u5206\" \/>\n<script type=\"application\/ld+json\" class=\"yoast-schema-graph\">{\"@context\":\"https:\\\/\\\/schema.org\",\"@graph\":[{\"@type\":\"WebPage\",\"@id\":\"https:\\\/\\\/floridareprofreedom.org\\\/judicialbypass\\\/egzansyon-jidisye-an-florid\\\/eske-moun-ap-konnen-mwen-te-ale-nan-tribinal-pou-egzansyon-jidisye\\\/\",\"url\":\"https:\\\/\\\/floridareprofreedom.org\\\/judicialbypass\\\/egzansyon-jidisye-an-florid\\\/eske-moun-ap-konnen-mwen-te-ale-nan-tribinal-pou-egzansyon-jidisye\\\/\",\"name\":\"\u00c8ske moun ap konnen mwen te ale nan tribinal pou egzansyon jidisy\u00e8? - Floridians For Reproductive Freedom\",\"isPartOf\":{\"@id\":\"https:\\\/\\\/floridareprofreedom.org\\\/#website\"},\"primaryImageOfPage\":{\"@id\":\"https:\\\/\\\/floridareprofreedom.org\\\/judicialbypass\\\/egzansyon-jidisye-an-florid\\\/eske-moun-ap-konnen-mwen-te-ale-nan-tribinal-pou-egzansyon-jidisye\\\/#primaryimage\"},\"image\":{\"@id\":\"https:\\\/\\\/floridareprofreedom.org\\\/judicialbypass\\\/egzansyon-jidisye-an-florid\\\/eske-moun-ap-konnen-mwen-te-ale-nan-tribinal-pou-egzansyon-jidisye\\\/#primaryimage\"},\"thumbnailUrl\":\"https:\\\/\\\/floridareprofreedom.org\\\/wp-content\\\/uploads\\\/2020\\\/05\\\/flcircuitmap.jpeg\",\"datePublished\":\"2024-01-02T22:51:53+00:00\",\"description\":\"Pwosesis egzansyon jidisy\u00e8 a, selon la lwa se yon pwosesis konfidansy\u00e8l.\",\"breadcrumb\":{\"@id\":\"https:\\\/\\\/floridareprofreedom.org\\\/judicialbypass\\\/egzansyon-jidisye-an-florid\\\/eske-moun-ap-konnen-mwen-te-ale-nan-tribinal-pou-egzansyon-jidisye\\\/#breadcrumb\"},\"inLanguage\":\"zh-Hans\",\"potentialAction\":[{\"@type\":\"ReadAction\",\"target\":[\"https:\\\/\\\/floridareprofreedom.org\\\/judicialbypass\\\/egzansyon-jidisye-an-florid\\\/eske-moun-ap-konnen-mwen-te-ale-nan-tribinal-pou-egzansyon-jidisye\\\/\"]}]},{\"@type\":\"ImageObject\",\"inLanguage\":\"zh-Hans\",\"@id\":\"https:\\\/\\\/floridareprofreedom.org\\\/judicialbypass\\\/egzansyon-jidisye-an-florid\\\/eske-moun-ap-konnen-mwen-te-ale-nan-tribinal-pou-egzansyon-jidisye\\\/#primaryimage\",\"url\":\"https:\\\/\\\/floridareprofreedom.org\\\/wp-content\\\/uploads\\\/2020\\\/05\\\/flcircuitmap.jpeg\",\"contentUrl\":\"https:\\\/\\\/floridareprofreedom.org\\\/wp-content\\\/uploads\\\/2020\\\/05\\\/flcircuitmap.jpeg\"},{\"@type\":\"BreadcrumbList\",\"@id\":\"https:\\\/\\\/floridareprofreedom.org\\\/judicialbypass\\\/egzansyon-jidisye-an-florid\\\/eske-moun-ap-konnen-mwen-te-ale-nan-tribinal-pou-egzansyon-jidisye\\\/#breadcrumb\",\"itemListElement\":[{\"@type\":\"ListItem\",\"position\":1,\"name\":\"Home\",\"item\":\"https:\\\/\\\/floridareprofreedom.org\\\/\"},{\"@type\":\"ListItem\",\"position\":2,\"name\":\"Judicial Bypass in Florida\",\"item\":\"https:\\\/\\\/floridareprofreedom.org\\\/judicialbypass\\\/\"},{\"@type\":\"ListItem\",\"position\":3,\"name\":\"Egzansyon Jidisy\u00e8 an Florid\",\"item\":\"https:\\\/\\\/floridareprofreedom.org\\\/judicialbypass\\\/egzansyon-jidisye-an-florid\\\/\"},{\"@type\":\"ListItem\",\"position\":4,\"name\":\"\u00c8ske moun ap konnen mwen te ale nan tribinal pou egzansyon jidisy\u00e8?\"}]},{\"@type\":\"WebSite\",\"@id\":\"https:\\\/\\\/floridareprofreedom.org\\\/#website\",\"url\":\"https:\\\/\\\/floridareprofreedom.org\\\/\",\"name\":\"Floridians For Reproductive Freedom\",\"description\":\"Advocating for convenient, affordable, and safe access to reproductive health care, including abortion.\",\"publisher\":{\"@id\":\"https:\\\/\\\/floridareprofreedom.org\\\/#organization\"},\"potentialAction\":[{\"@type\":\"SearchAction\",\"target\":{\"@type\":\"EntryPoint\",\"urlTemplate\":\"https:\\\/\\\/floridareprofreedom.org\\\/?s={search_term_string}\"},\"query-input\":{\"@type\":\"PropertyValueSpecification\",\"valueRequired\":true,\"valueName\":\"search_term_string\"}}],\"inLanguage\":\"zh-Hans\"},{\"@type\":\"Organization\",\"@id\":\"https:\\\/\\\/floridareprofreedom.org\\\/#organization\",\"name\":\"Floridians for Reproductive Freedom\",\"url\":\"https:\\\/\\\/floridareprofreedom.org\\\/\",\"logo\":{\"@type\":\"ImageObject\",\"inLanguage\":\"zh-Hans\",\"@id\":\"https:\\\/\\\/floridareprofreedom.org\\\/#\\\/schema\\\/logo\\\/image\\\/\",\"url\":\"https:\\\/\\\/floridareprofreedom.org\\\/wp-content\\\/uploads\\\/2019\\\/05\\\/Untitled.jpg\",\"contentUrl\":\"https:\\\/\\\/floridareprofreedom.org\\\/wp-content\\\/uploads\\\/2019\\\/05\\\/Untitled.jpg\",\"width\":174,\"height\":180,\"caption\":\"Floridians for Reproductive Freedom\"},\"image\":{\"@id\":\"https:\\\/\\\/floridareprofreedom.org\\\/#\\\/schema\\\/logo\\\/image\\\/\"},\"sameAs\":[\"https:\\\/\\\/www.facebook.com\\\/FloridaReproFreedom\\\/\",\"https:\\\/\\\/x.com\\\/FLReproFreedom\",\"https:\\\/\\\/www.instagram.com\\\/floridareprofreedom\\\/\"]}]}<\/script>\n<!-- \/ Yoast SEO plugin. -->","yoast_head_json":{"title":"\u00c8ske moun ap konnen mwen te ale nan tribinal pou egzansyon jidisy\u00e8\uff1f - \u4f5b\u7f57\u91cc\u8fbe\u4eba\u4e89\u53d6\u751f\u6b96\u81ea\u7531","description":"Pwosesis egzansyon jidisy\u00e8 a, selon la lwa se yon pwosesis konfidansy\u00e8l\u3002","robots":{"index":"index","follow":"follow","max-snippet":"max-snippet:-1","max-image-preview":"max-image-preview:large","max-video-preview":"max-video-preview:-1"},"canonical":"https:\/\/floridareprofreedom.org\/zh\/\u53f8\u6cd5\u7ed5\u9053\/egzansyon-jidisye-an-florid\/\u57c3\u65af\u514b\u00b7\u7a46\u6069\u00b7\u963f\u666e\u00b7\u79d1\u5357\u00b7\u59c6\u6587\u00b7\u7279\u00b7\u963f\u83b1\u00b7\u5357\u90e8\u843d\/","og_locale":"zh_CN","og_type":"article","og_title":"\u00c8ske moun ap konnen mwen te ale nan tribinal pou egzansyon jidisy\u00e8? - Floridians For Reproductive Freedom","og_description":"Pwosesis egzansyon jidisy\u00e8 a, selon la lwa se yon pwosesis konfidansy\u00e8l.","og_url":"https:\/\/floridareprofreedom.org\/zh\/\u53f8\u6cd5\u7ed5\u9053\/egzansyon-jidisye-an-florid\/\u57c3\u65af\u514b\u00b7\u7a46\u6069\u00b7\u963f\u666e\u00b7\u79d1\u5357\u00b7\u59c6\u6587\u00b7\u7279\u00b7\u963f\u83b1\u00b7\u5357\u90e8\u843d\/","og_site_name":"Floridians For Reproductive Freedom","article_publisher":"https:\/\/www.facebook.com\/FloridaReproFreedom\/","og_image":[{"url":"https:\/\/floridareprofreedom.org\/wp-content\/uploads\/2020\/05\/flcircuitmap.jpeg","type":"","width":"","height":""}],"twitter_card":"summary_large_image","twitter_site":"@FLReproFreedom","twitter_misc":{"\u9884\u8ba1\u9605\u8bfb\u65f6\u95f4":"3 \u5206"},"schema":{"@context":"https:\/\/schema.org","@graph":[{"@type":"WebPage","@id":"https:\/\/floridareprofreedom.org\/judicialbypass\/egzansyon-jidisye-an-florid\/eske-moun-ap-konnen-mwen-te-ale-nan-tribinal-pou-egzansyon-jidisye\/","url":"https:\/\/floridareprofreedom.org\/judicialbypass\/egzansyon-jidisye-an-florid\/eske-moun-ap-konnen-mwen-te-ale-nan-tribinal-pou-egzansyon-jidisye\/","name":"\u00c8ske moun ap konnen mwen te ale nan tribinal pou egzansyon jidisy\u00e8\uff1f - \u4f5b\u7f57\u91cc\u8fbe\u4eba\u4e89\u53d6\u751f\u6b96\u81ea\u7531","isPartOf":{"@id":"https:\/\/floridareprofreedom.org\/#website"},"primaryImageOfPage":{"@id":"https:\/\/floridareprofreedom.org\/judicialbypass\/egzansyon-jidisye-an-florid\/eske-moun-ap-konnen-mwen-te-ale-nan-tribinal-pou-egzansyon-jidisye\/#primaryimage"},"image":{"@id":"https:\/\/floridareprofreedom.org\/judicialbypass\/egzansyon-jidisye-an-florid\/eske-moun-ap-konnen-mwen-te-ale-nan-tribinal-pou-egzansyon-jidisye\/#primaryimage"},"thumbnailUrl":"https:\/\/floridareprofreedom.org\/wp-content\/uploads\/2020\/05\/flcircuitmap.jpeg","datePublished":"2024-01-02T22:51:53+00:00","description":"Pwosesis egzansyon jidisy\u00e8 a, selon la lwa se yon pwosesis konfidansy\u00e8l\u3002","breadcrumb":{"@id":"https:\/\/floridareprofreedom.org\/judicialbypass\/egzansyon-jidisye-an-florid\/eske-moun-ap-konnen-mwen-te-ale-nan-tribinal-pou-egzansyon-jidisye\/#breadcrumb"},"inLanguage":"zh-Hans","potentialAction":[{"@type":"ReadAction","target":["https:\/\/floridareprofreedom.org\/judicialbypass\/egzansyon-jidisye-an-florid\/eske-moun-ap-konnen-mwen-te-ale-nan-tribinal-pou-egzansyon-jidisye\/"]}]},{"@type":"ImageObject","inLanguage":"zh-Hans","@id":"https:\/\/floridareprofreedom.org\/judicialbypass\/egzansyon-jidisye-an-florid\/eske-moun-ap-konnen-mwen-te-ale-nan-tribinal-pou-egzansyon-jidisye\/#primaryimage","url":"https:\/\/floridareprofreedom.org\/wp-content\/uploads\/2020\/05\/flcircuitmap.jpeg","contentUrl":"https:\/\/floridareprofreedom.org\/wp-content\/uploads\/2020\/05\/flcircuitmap.jpeg"},{"@type":"BreadcrumbList","@id":"https:\/\/floridareprofreedom.org\/judicialbypass\/egzansyon-jidisye-an-florid\/eske-moun-ap-konnen-mwen-te-ale-nan-tribinal-pou-egzansyon-jidisye\/#breadcrumb","itemListElement":[{"@type":"ListItem","position":1,"name":"Home","item":"https:\/\/floridareprofreedom.org\/"},{"@type":"ListItem","position":2,"name":"Judicial Bypass in Florida","item":"https:\/\/floridareprofreedom.org\/judicialbypass\/"},{"@type":"ListItem","position":3,"name":"Egzansyon Jidisy\u00e8 an Florid","item":"https:\/\/floridareprofreedom.org\/judicialbypass\/egzansyon-jidisye-an-florid\/"},{"@type":"ListItem","position":4,"name":"\u00c8ske moun ap konnen mwen te ale nan tribinal pou egzansyon jidisy\u00e8?"}]},{"@type":"WebSite","@id":"https:\/\/floridareprofreedom.org\/#website","url":"https:\/\/floridareprofreedom.org\/","name":"\u4f5b\u7f57\u91cc\u8fbe\u5dde\u751f\u6b96\u81ea\u7531\u534f\u4f1a","description":"\u5021\u5bfc\u63d0\u4f9b\u4fbf\u6377\u3001\u7ecf\u6d4e\u3001\u5b89\u5168\u7684\u751f\u6b96\u5065\u5eb7\u670d\u52a1\uff0c\u5305\u62ec\u5815\u80ce\u3002","publisher":{"@id":"https:\/\/floridareprofreedom.org\/#organization"},"potentialAction":[{"@type":"SearchAction","target":{"@type":"EntryPoint","urlTemplate":"https:\/\/floridareprofreedom.org\/?s={search_term_string}"},"query-input":{"@type":"PropertyValueSpecification","valueRequired":true,"valueName":"search_term_string"}}],"inLanguage":"zh-Hans"},{"@type":"Organization","@id":"https:\/\/floridareprofreedom.org\/#organization","name":"\u4f5b\u7f57\u91cc\u8fbe\u5dde\u751f\u6b96\u81ea\u7531\u534f\u4f1a","url":"https:\/\/floridareprofreedom.org\/","logo":{"@type":"ImageObject","inLanguage":"zh-Hans","@id":"https:\/\/floridareprofreedom.org\/#\/schema\/logo\/image\/","url":"https:\/\/floridareprofreedom.org\/wp-content\/uploads\/2019\/05\/Untitled.jpg","contentUrl":"https:\/\/floridareprofreedom.org\/wp-content\/uploads\/2019\/05\/Untitled.jpg","width":174,"height":180,"caption":"Floridians for Reproductive Freedom"},"image":{"@id":"https:\/\/floridareprofreedom.org\/#\/schema\/logo\/image\/"},"sameAs":["https:\/\/www.facebook.com\/FloridaReproFreedom\/","https:\/\/x.com\/FLReproFreedom","https:\/\/www.instagram.com\/floridareprofreedom\/"]}]}},"_links":{"self":[{"href":"https:\/\/floridareprofreedom.org\/zh\/wp-json\/wp\/v2\/pages\/3183","targetHints":{"allow":["GET"]}}],"collection":[{"href":"https:\/\/floridareprofreedom.org\/zh\/wp-json\/wp\/v2\/pages"}],"about":[{"href":"https:\/\/floridareprofreedom.org\/zh\/wp-json\/wp\/v2\/types\/page"}],"author":[{"embeddable":true,"href":"https:\/\/floridareprofreedom.org\/zh\/wp-json\/wp\/v2\/users\/7"}],"replies":[{"embeddable":true,"href":"https:\/\/floridareprofreedom.org\/zh\/wp-json\/wp\/v2\/comments?post=3183"}],"version-history":[{"count":1,"href":"https:\/\/floridareprofreedom.org\/zh\/wp-json\/wp\/v2\/pages\/3183\/revisions"}],"predecessor-version":[{"id":3184,"href":"https:\/\/floridareprofreedom.org\/zh\/wp-json\/wp\/v2\/pages\/3183\/revisions\/3184"}],"up":[{"embeddable":true,"href":"https:\/\/floridareprofreedom.org\/zh\/wp-json\/wp\/v2\/pages\/3142"}],"wp:attachment":[{"href":"https:\/\/floridareprofreedom.org\/zh\/wp-json\/wp\/v2\/media?parent=3183"}],"wp:term":[{"taxonomy":"folder","embeddable":true,"href":"https:\/\/floridareprofreedom.org\/zh\/wp-json\/wp\/v2\/folder?post=3183"}],"curies":[{"name":"wp","href":"https:\/\/api.w.org\/{rel}","templated":true}]}}