{"id":3192,"date":"2024-01-02T23:05:47","date_gmt":"2024-01-02T23:05:47","guid":{"rendered":"https:\/\/floridareprofreedom.org\/?page_id=3192"},"modified":"2024-01-02T23:05:47","modified_gmt":"2024-01-02T23:05:47","slug":"%e5%9f%83%e6%96%af%e5%85%8b%c2%b7%e6%b4%9b%e7%89%b9%c2%b7%e8%92%99%c2%b7%e5%9f%ba%c2%b7%e6%81%a9%e6%99%ae%e5%88%a9%e5%85%8b%c2%b7%e5%8d%97%c2%b7%e6%a0%bc%e6%b2%83%e6%96%af%c2%b7%e5%a7%86%e6%96%87","status":"publish","type":"page","link":"https:\/\/floridareprofreedom.org\/zh\/judicialbypass\/egzansyon-jidisye-an-florid\/eske-lot-moun-ki-enplike-nan-gwoses-mwen-fan-gen-yon-opinyon-sou-si-mwen-chwazi-fe-yon-avotman\/","title":{"rendered":"\u60a8\u662f\u5426\u540c\u610f\u6211\u7684\u89c2\u70b9\uff1f"},"content":{"rendered":"<p><span style=\"font-weight: 400;\">\u975e\u3002 Moun ki ansent la se s\u00e8l li ki gen dwa Final pou l deside\u3002 Pa gen okenn kondisyon \u6216 jwenn konsantman Gason \u548c oswa \u6216 avize l&#039;\u3002\u00a0<\/span><\/p>\n<p><span style=\"font-weight: 400;\">Malgre sa\uff0cjij la ka mande pou Gason an ki te enplike nan gwos\u00e8s ou\uff0casire ke ou gen repons pou kesyon sa yo\u3002 Paegzanp\uff0cyo ka mande w si moun nan konnen ou ansent e ki jan yo te reyaji\u3002 Jij la kapab mande si gason an konnen de desizyon w pran pou w fe yon av\u00f2tman epi si yo ankouraje w.<\/span><\/p>","protected":false},"excerpt":{"rendered":"<p>Non. Moun ki ansent la se s\u00e8l li ki gen dwa final pou l deside. Pa gen okenn kondisyon ou jwenn konsantman gason an oswa ou avize l&#8217;.\u00a0 Malgre sa, jij la ka mande pou gason an ki te enplike nan gwos\u00e8s ou, asire ke ou gen repons pou kesyon sa yo. Pa egzanp, yo [&hellip;]<\/p>\n","protected":false},"author":7,"featured_media":0,"parent":3142,"menu_order":0,"comment_status":"closed","ping_status":"closed","template":"","meta":{"footnotes":""},"folder":[35,8],"class_list":["post-3192","page","type-page","status-publish","hentry"],"yoast_head":"<!-- This site is optimized with the Yoast SEO plugin v27.3 - https:\/\/yoast.com\/product\/yoast-seo-wordpress\/ -->\n<title>\u00c8ske l\u00f2t moun ki enplike nan gwos\u00e8s mwen fan gen yon opinyon sou si mwen chwazi fe yon av\u00f2tman? - Floridians For Reproductive Freedom<\/title>\n<meta name=\"description\" content=\"Non. Moun ki ansent la se s\u00e8l li ki gen dwa final pou l deside.\" \/>\n<meta name=\"robots\" content=\"index, follow, max-snippet:-1, max-image-preview:large, max-video-preview:-1\" \/>\n<link rel=\"canonical\" href=\"https:\/\/floridareprofreedom.org\/zh\/\u53f8\u6cd5\u7ed5\u9053\/egzansyon-jidisye-an-florid\/\u57c3\u65af\u514b\u00b7\u6d1b\u7279\u00b7\u8499\u00b7\u57fa\u00b7\u6069\u666e\u5229\u514b\u00b7\u5357\u00b7\u683c\u6c83\u65af\u00b7\u59c6\u6587\/\" \/>\n<meta property=\"og:locale\" content=\"zh_CN\" \/>\n<meta property=\"og:type\" content=\"article\" \/>\n<meta property=\"og:title\" content=\"\u00c8ske l\u00f2t moun ki enplike nan gwos\u00e8s mwen fan gen yon opinyon sou si mwen chwazi fe yon av\u00f2tman? - Floridians For Reproductive Freedom\" \/>\n<meta property=\"og:description\" content=\"Non. Moun ki ansent la se s\u00e8l li ki gen dwa final pou l deside.\" \/>\n<meta property=\"og:url\" content=\"https:\/\/floridareprofreedom.org\/zh\/\u53f8\u6cd5\u7ed5\u9053\/egzansyon-jidisye-an-florid\/\u57c3\u65af\u514b\u00b7\u6d1b\u7279\u00b7\u8499\u00b7\u57fa\u00b7\u6069\u666e\u5229\u514b\u00b7\u5357\u00b7\u683c\u6c83\u65af\u00b7\u59c6\u6587\/\" \/>\n<meta property=\"og:site_name\" content=\"Floridians For Reproductive Freedom\" \/>\n<meta property=\"article:publisher\" content=\"https:\/\/www.facebook.com\/FloridaReproFreedom\/\" \/>\n<meta name=\"twitter:card\" content=\"summary_large_image\" \/>\n<meta name=\"twitter:site\" content=\"@FLReproFreedom\" \/>\n<meta name=\"twitter:label1\" content=\"\u9884\u8ba1\u9605\u8bfb\u65f6\u95f4\" \/>\n\t<meta name=\"twitter:data1\" content=\"1 \u5206\" \/>\n<script type=\"application\/ld+json\" class=\"yoast-schema-graph\">{\"@context\":\"https:\\\/\\\/schema.org\",\"@graph\":[{\"@type\":\"WebPage\",\"@id\":\"https:\\\/\\\/floridareprofreedom.org\\\/judicialbypass\\\/egzansyon-jidisye-an-florid\\\/eske-lot-moun-ki-enplike-nan-gwoses-mwen-fan-gen-yon-opinyon-sou-si-mwen-chwazi-fe-yon-avotman\\\/\",\"url\":\"https:\\\/\\\/floridareprofreedom.org\\\/judicialbypass\\\/egzansyon-jidisye-an-florid\\\/eske-lot-moun-ki-enplike-nan-gwoses-mwen-fan-gen-yon-opinyon-sou-si-mwen-chwazi-fe-yon-avotman\\\/\",\"name\":\"\u00c8ske l\u00f2t moun ki enplike nan gwos\u00e8s mwen fan gen yon opinyon sou si mwen chwazi fe yon av\u00f2tman? - Floridians For Reproductive Freedom\",\"isPartOf\":{\"@id\":\"https:\\\/\\\/floridareprofreedom.org\\\/#website\"},\"datePublished\":\"2024-01-02T23:05:47+00:00\",\"description\":\"Non. Moun ki ansent la se s\u00e8l li ki gen dwa final pou l deside.\",\"breadcrumb\":{\"@id\":\"https:\\\/\\\/floridareprofreedom.org\\\/judicialbypass\\\/egzansyon-jidisye-an-florid\\\/eske-lot-moun-ki-enplike-nan-gwoses-mwen-fan-gen-yon-opinyon-sou-si-mwen-chwazi-fe-yon-avotman\\\/#breadcrumb\"},\"inLanguage\":\"zh-Hans\",\"potentialAction\":[{\"@type\":\"ReadAction\",\"target\":[\"https:\\\/\\\/floridareprofreedom.org\\\/judicialbypass\\\/egzansyon-jidisye-an-florid\\\/eske-lot-moun-ki-enplike-nan-gwoses-mwen-fan-gen-yon-opinyon-sou-si-mwen-chwazi-fe-yon-avotman\\\/\"]}]},{\"@type\":\"BreadcrumbList\",\"@id\":\"https:\\\/\\\/floridareprofreedom.org\\\/judicialbypass\\\/egzansyon-jidisye-an-florid\\\/eske-lot-moun-ki-enplike-nan-gwoses-mwen-fan-gen-yon-opinyon-sou-si-mwen-chwazi-fe-yon-avotman\\\/#breadcrumb\",\"itemListElement\":[{\"@type\":\"ListItem\",\"position\":1,\"name\":\"Home\",\"item\":\"https:\\\/\\\/floridareprofreedom.org\\\/\"},{\"@type\":\"ListItem\",\"position\":2,\"name\":\"Judicial Bypass in Florida\",\"item\":\"https:\\\/\\\/floridareprofreedom.org\\\/judicialbypass\\\/\"},{\"@type\":\"ListItem\",\"position\":3,\"name\":\"Egzansyon Jidisy\u00e8 an Florid\",\"item\":\"https:\\\/\\\/floridareprofreedom.org\\\/judicialbypass\\\/egzansyon-jidisye-an-florid\\\/\"},{\"@type\":\"ListItem\",\"position\":4,\"name\":\"\u00c8ske l\u00f2t moun ki enplike nan gwos\u00e8s mwen fan gen yon opinyon sou si mwen chwazi fe yon av\u00f2tman?\"}]},{\"@type\":\"WebSite\",\"@id\":\"https:\\\/\\\/floridareprofreedom.org\\\/#website\",\"url\":\"https:\\\/\\\/floridareprofreedom.org\\\/\",\"name\":\"Floridians For Reproductive Freedom\",\"description\":\"Advocating for convenient, affordable, and safe access to reproductive health care, including abortion.\",\"publisher\":{\"@id\":\"https:\\\/\\\/floridareprofreedom.org\\\/#organization\"},\"potentialAction\":[{\"@type\":\"SearchAction\",\"target\":{\"@type\":\"EntryPoint\",\"urlTemplate\":\"https:\\\/\\\/floridareprofreedom.org\\\/?s={search_term_string}\"},\"query-input\":{\"@type\":\"PropertyValueSpecification\",\"valueRequired\":true,\"valueName\":\"search_term_string\"}}],\"inLanguage\":\"zh-Hans\"},{\"@type\":\"Organization\",\"@id\":\"https:\\\/\\\/floridareprofreedom.org\\\/#organization\",\"name\":\"Floridians for Reproductive Freedom\",\"url\":\"https:\\\/\\\/floridareprofreedom.org\\\/\",\"logo\":{\"@type\":\"ImageObject\",\"inLanguage\":\"zh-Hans\",\"@id\":\"https:\\\/\\\/floridareprofreedom.org\\\/#\\\/schema\\\/logo\\\/image\\\/\",\"url\":\"https:\\\/\\\/floridareprofreedom.org\\\/wp-content\\\/uploads\\\/2019\\\/05\\\/Untitled.jpg\",\"contentUrl\":\"https:\\\/\\\/floridareprofreedom.org\\\/wp-content\\\/uploads\\\/2019\\\/05\\\/Untitled.jpg\",\"width\":174,\"height\":180,\"caption\":\"Floridians for Reproductive Freedom\"},\"image\":{\"@id\":\"https:\\\/\\\/floridareprofreedom.org\\\/#\\\/schema\\\/logo\\\/image\\\/\"},\"sameAs\":[\"https:\\\/\\\/www.facebook.com\\\/FloridaReproFreedom\\\/\",\"https:\\\/\\\/x.com\\\/FLReproFreedom\",\"https:\\\/\\\/www.instagram.com\\\/floridareprofreedom\\\/\"]}]}<\/script>\n<!-- \/ Yoast SEO plugin. -->","yoast_head_json":{"title":"\u60a8\u662f\u5426\u540c\u610f\u6211\u7684\u89c2\u70b9\uff1f - \u4f5b\u7f57\u91cc\u8fbe\u4eba\u4e89\u53d6\u751f\u6b96\u81ea\u7531","description":"\u975e\u3002 Moun ki ansent la se s\u00e8l li ki gen dwa Final pou l deside\u3002","robots":{"index":"index","follow":"follow","max-snippet":"max-snippet:-1","max-image-preview":"max-image-preview:large","max-video-preview":"max-video-preview:-1"},"canonical":"https:\/\/floridareprofreedom.org\/zh\/\u53f8\u6cd5\u7ed5\u9053\/egzansyon-jidisye-an-florid\/\u57c3\u65af\u514b\u00b7\u6d1b\u7279\u00b7\u8499\u00b7\u57fa\u00b7\u6069\u666e\u5229\u514b\u00b7\u5357\u00b7\u683c\u6c83\u65af\u00b7\u59c6\u6587\/","og_locale":"zh_CN","og_type":"article","og_title":"\u00c8ske l\u00f2t moun ki enplike nan gwos\u00e8s mwen fan gen yon opinyon sou si mwen chwazi fe yon av\u00f2tman? - Floridians For Reproductive Freedom","og_description":"Non. Moun ki ansent la se s\u00e8l li ki gen dwa final pou l deside.","og_url":"https:\/\/floridareprofreedom.org\/zh\/\u53f8\u6cd5\u7ed5\u9053\/egzansyon-jidisye-an-florid\/\u57c3\u65af\u514b\u00b7\u6d1b\u7279\u00b7\u8499\u00b7\u57fa\u00b7\u6069\u666e\u5229\u514b\u00b7\u5357\u00b7\u683c\u6c83\u65af\u00b7\u59c6\u6587\/","og_site_name":"Floridians For Reproductive Freedom","article_publisher":"https:\/\/www.facebook.com\/FloridaReproFreedom\/","twitter_card":"summary_large_image","twitter_site":"@FLReproFreedom","twitter_misc":{"\u9884\u8ba1\u9605\u8bfb\u65f6\u95f4":"1 \u5206"},"schema":{"@context":"https:\/\/schema.org","@graph":[{"@type":"WebPage","@id":"https:\/\/floridareprofreedom.org\/judicialbypass\/egzansyon-jidisye-an-florid\/eske-lot-moun-ki-enplike-nan-gwoses-mwen-fan-gen-yon-opinyon-sou-si-mwen-chwazi-fe-yon-avotman\/","url":"https:\/\/floridareprofreedom.org\/judicialbypass\/egzansyon-jidisye-an-florid\/eske-lot-moun-ki-enplike-nan-gwoses-mwen-fan-gen-yon-opinyon-sou-si-mwen-chwazi-fe-yon-avotman\/","name":"\u60a8\u662f\u5426\u540c\u610f\u6211\u7684\u89c2\u70b9\uff1f - \u4f5b\u7f57\u91cc\u8fbe\u4eba\u4e89\u53d6\u751f\u6b96\u81ea\u7531","isPartOf":{"@id":"https:\/\/floridareprofreedom.org\/#website"},"datePublished":"2024-01-02T23:05:47+00:00","description":"\u975e\u3002 Moun ki ansent la se s\u00e8l li ki gen dwa Final pou l deside\u3002","breadcrumb":{"@id":"https:\/\/floridareprofreedom.org\/judicialbypass\/egzansyon-jidisye-an-florid\/eske-lot-moun-ki-enplike-nan-gwoses-mwen-fan-gen-yon-opinyon-sou-si-mwen-chwazi-fe-yon-avotman\/#breadcrumb"},"inLanguage":"zh-Hans","potentialAction":[{"@type":"ReadAction","target":["https:\/\/floridareprofreedom.org\/judicialbypass\/egzansyon-jidisye-an-florid\/eske-lot-moun-ki-enplike-nan-gwoses-mwen-fan-gen-yon-opinyon-sou-si-mwen-chwazi-fe-yon-avotman\/"]}]},{"@type":"BreadcrumbList","@id":"https:\/\/floridareprofreedom.org\/judicialbypass\/egzansyon-jidisye-an-florid\/eske-lot-moun-ki-enplike-nan-gwoses-mwen-fan-gen-yon-opinyon-sou-si-mwen-chwazi-fe-yon-avotman\/#breadcrumb","itemListElement":[{"@type":"ListItem","position":1,"name":"Home","item":"https:\/\/floridareprofreedom.org\/"},{"@type":"ListItem","position":2,"name":"Judicial Bypass in Florida","item":"https:\/\/floridareprofreedom.org\/judicialbypass\/"},{"@type":"ListItem","position":3,"name":"Egzansyon Jidisy\u00e8 an Florid","item":"https:\/\/floridareprofreedom.org\/judicialbypass\/egzansyon-jidisye-an-florid\/"},{"@type":"ListItem","position":4,"name":"\u00c8ske l\u00f2t moun ki enplike nan gwos\u00e8s mwen fan gen yon opinyon sou si mwen chwazi fe yon av\u00f2tman?"}]},{"@type":"WebSite","@id":"https:\/\/floridareprofreedom.org\/#website","url":"https:\/\/floridareprofreedom.org\/","name":"\u4f5b\u7f57\u91cc\u8fbe\u5dde\u751f\u6b96\u81ea\u7531\u534f\u4f1a","description":"\u5021\u5bfc\u63d0\u4f9b\u4fbf\u6377\u3001\u7ecf\u6d4e\u3001\u5b89\u5168\u7684\u751f\u6b96\u5065\u5eb7\u670d\u52a1\uff0c\u5305\u62ec\u5815\u80ce\u3002","publisher":{"@id":"https:\/\/floridareprofreedom.org\/#organization"},"potentialAction":[{"@type":"SearchAction","target":{"@type":"EntryPoint","urlTemplate":"https:\/\/floridareprofreedom.org\/?s={search_term_string}"},"query-input":{"@type":"PropertyValueSpecification","valueRequired":true,"valueName":"search_term_string"}}],"inLanguage":"zh-Hans"},{"@type":"Organization","@id":"https:\/\/floridareprofreedom.org\/#organization","name":"\u4f5b\u7f57\u91cc\u8fbe\u5dde\u751f\u6b96\u81ea\u7531\u534f\u4f1a","url":"https:\/\/floridareprofreedom.org\/","logo":{"@type":"ImageObject","inLanguage":"zh-Hans","@id":"https:\/\/floridareprofreedom.org\/#\/schema\/logo\/image\/","url":"https:\/\/floridareprofreedom.org\/wp-content\/uploads\/2019\/05\/Untitled.jpg","contentUrl":"https:\/\/floridareprofreedom.org\/wp-content\/uploads\/2019\/05\/Untitled.jpg","width":174,"height":180,"caption":"Floridians for Reproductive Freedom"},"image":{"@id":"https:\/\/floridareprofreedom.org\/#\/schema\/logo\/image\/"},"sameAs":["https:\/\/www.facebook.com\/FloridaReproFreedom\/","https:\/\/x.com\/FLReproFreedom","https:\/\/www.instagram.com\/floridareprofreedom\/"]}]}},"_links":{"self":[{"href":"https:\/\/floridareprofreedom.org\/zh\/wp-json\/wp\/v2\/pages\/3192","targetHints":{"allow":["GET"]}}],"collection":[{"href":"https:\/\/floridareprofreedom.org\/zh\/wp-json\/wp\/v2\/pages"}],"about":[{"href":"https:\/\/floridareprofreedom.org\/zh\/wp-json\/wp\/v2\/types\/page"}],"author":[{"embeddable":true,"href":"https:\/\/floridareprofreedom.org\/zh\/wp-json\/wp\/v2\/users\/7"}],"replies":[{"embeddable":true,"href":"https:\/\/floridareprofreedom.org\/zh\/wp-json\/wp\/v2\/comments?post=3192"}],"version-history":[{"count":1,"href":"https:\/\/floridareprofreedom.org\/zh\/wp-json\/wp\/v2\/pages\/3192\/revisions"}],"predecessor-version":[{"id":3193,"href":"https:\/\/floridareprofreedom.org\/zh\/wp-json\/wp\/v2\/pages\/3192\/revisions\/3193"}],"up":[{"embeddable":true,"href":"https:\/\/floridareprofreedom.org\/zh\/wp-json\/wp\/v2\/pages\/3142"}],"wp:attachment":[{"href":"https:\/\/floridareprofreedom.org\/zh\/wp-json\/wp\/v2\/media?parent=3192"}],"wp:term":[{"taxonomy":"folder","embeddable":true,"href":"https:\/\/floridareprofreedom.org\/zh\/wp-json\/wp\/v2\/folder?post=3192"}],"curies":[{"name":"wp","href":"https:\/\/api.w.org\/{rel}","templated":true}]}}